{"id":46751,"date":"2026-04-23T00:47:41","date_gmt":"2026-04-22T21:47:41","guid":{"rendered":"https:\/\/rezekne.citro.lv\/veikals\/koslajama-konfekte-mamba-cola-4-pack-106g\/"},"modified":"2026-05-02T06:25:37","modified_gmt":"2026-05-02T03:25:37","slug":"koslajama-konfekte-mamba-cola-4-pack-106g","status":"publish","type":"product","link":"https:\/\/rezekne.citro.lv\/ru\/product\/koslajama-konfekte-mamba-cola-4-pack-106g\/","title":{"rendered":"KO\u0160\u013b\u0100JAM\u0100 KONFEKTE MAMBA COLA 4-PACK 106G"},"content":{"rendered":"<p>Izcelsmes valsts: V\u0101cija<\/p>\n","protected":false},"excerpt":{"rendered":"<p>13.11 \u20ac\/KG<\/p>\n","protected":false},"featured_media":29736,"template":"","meta":{"_acf_changed":false,"inline_featured_image":false},"product_cat":[125,201],"product_tag":[],"acf":[],"aioseo_notices":[],"_links":{"self":[{"href":"https:\/\/rezekne.citro.lv\/ru\/wp-json\/wp\/v2\/product\/46751"}],"collection":[{"href":"https:\/\/rezekne.citro.lv\/ru\/wp-json\/wp\/v2\/product"}],"about":[{"href":"https:\/\/rezekne.citro.lv\/ru\/wp-json\/wp\/v2\/types\/product"}],"wp:featuredmedia":[{"embeddable":true,"href":"https:\/\/rezekne.citro.lv\/ru\/wp-json\/wp\/v2\/media\/29736"}],"wp:attachment":[{"href":"https:\/\/rezekne.citro.lv\/ru\/wp-json\/wp\/v2\/media?parent=46751"}],"wp:term":[{"taxonomy":"product_cat","embeddable":true,"href":"https:\/\/rezekne.citro.lv\/ru\/wp-json\/wp\/v2\/product_cat?post=46751"},{"taxonomy":"product_tag","embeddable":true,"href":"https:\/\/rezekne.citro.lv\/ru\/wp-json\/wp\/v2\/product_tag?post=46751"}],"curies":[{"name":"wp","href":"https:\/\/api.w.org\/{rel}","templated":true}]}}