{"id":46760,"date":"2026-04-27T00:01:56","date_gmt":"2026-04-26T21:01:56","guid":{"rendered":"https:\/\/rezekne.citro.lv\/veikals\/sokolades-batonins-mars-2pack-70g\/"},"modified":"2026-05-01T06:14:37","modified_gmt":"2026-05-01T03:14:37","slug":"sokolades-batonins-mars-2pack-70g","status":"publish","type":"product","link":"https:\/\/rezekne.citro.lv\/ru\/product\/sokolades-batonins-mars-2pack-70g\/","title":{"rendered":"\u0160OKOL\u0100DES BATONI\u0145\u0160 MARS 2PACK 70G"},"content":{"rendered":"<p>Izcelsmes valsts: Polija<\/p>\n","protected":false},"excerpt":{"rendered":"<p>15.57 \u20ac\/KG<\/p>\n","protected":false},"featured_media":46979,"template":"","meta":{"_acf_changed":false,"inline_featured_image":false},"product_cat":[125,134],"product_tag":[],"acf":[],"aioseo_notices":[],"_links":{"self":[{"href":"https:\/\/rezekne.citro.lv\/ru\/wp-json\/wp\/v2\/product\/46760"}],"collection":[{"href":"https:\/\/rezekne.citro.lv\/ru\/wp-json\/wp\/v2\/product"}],"about":[{"href":"https:\/\/rezekne.citro.lv\/ru\/wp-json\/wp\/v2\/types\/product"}],"wp:featuredmedia":[{"embeddable":true,"href":"https:\/\/rezekne.citro.lv\/ru\/wp-json\/wp\/v2\/media\/46979"}],"wp:attachment":[{"href":"https:\/\/rezekne.citro.lv\/ru\/wp-json\/wp\/v2\/media?parent=46760"}],"wp:term":[{"taxonomy":"product_cat","embeddable":true,"href":"https:\/\/rezekne.citro.lv\/ru\/wp-json\/wp\/v2\/product_cat?post=46760"},{"taxonomy":"product_tag","embeddable":true,"href":"https:\/\/rezekne.citro.lv\/ru\/wp-json\/wp\/v2\/product_tag?post=46760"}],"curies":[{"name":"wp","href":"https:\/\/api.w.org\/{rel}","templated":true}]}}