{"id":46764,"date":"2026-02-26T01:04:11","date_gmt":"2026-02-25T23:04:11","guid":{"rendered":"https:\/\/rezekne.citro.lv\/veikals\/konfektes-zelejas-r-band-bubble-pop-100g\/"},"modified":"2026-04-04T06:40:04","modified_gmt":"2026-04-04T03:40:04","slug":"konfektes-zelejas-r-band-bubble-pop-100g","status":"publish","type":"product","link":"https:\/\/rezekne.citro.lv\/ru\/product\/konfektes-zelejas-r-band-bubble-pop-100g\/","title":{"rendered":"KONFEKTES \u017dELEJAS R.BAND BUBBLE POP 100G"},"content":{"rendered":"<p>Izcelsmes valsts: Be\u013c\u0123ija<\/p>\n","protected":false},"excerpt":{"rendered":"<p>14.90 \u20ac\/KG<\/p>\n","protected":false},"featured_media":66101,"template":"","meta":{"_acf_changed":false,"inline_featured_image":false},"product_cat":[125,201],"product_tag":[],"acf":[],"aioseo_notices":[],"_links":{"self":[{"href":"https:\/\/rezekne.citro.lv\/ru\/wp-json\/wp\/v2\/product\/46764"}],"collection":[{"href":"https:\/\/rezekne.citro.lv\/ru\/wp-json\/wp\/v2\/product"}],"about":[{"href":"https:\/\/rezekne.citro.lv\/ru\/wp-json\/wp\/v2\/types\/product"}],"wp:featuredmedia":[{"embeddable":true,"href":"https:\/\/rezekne.citro.lv\/ru\/wp-json\/wp\/v2\/media\/66101"}],"wp:attachment":[{"href":"https:\/\/rezekne.citro.lv\/ru\/wp-json\/wp\/v2\/media?parent=46764"}],"wp:term":[{"taxonomy":"product_cat","embeddable":true,"href":"https:\/\/rezekne.citro.lv\/ru\/wp-json\/wp\/v2\/product_cat?post=46764"},{"taxonomy":"product_tag","embeddable":true,"href":"https:\/\/rezekne.citro.lv\/ru\/wp-json\/wp\/v2\/product_tag?post=46764"}],"curies":[{"name":"wp","href":"https:\/\/api.w.org\/{rel}","templated":true}]}}