{"id":46767,"date":"2026-02-26T01:04:25","date_gmt":"2026-02-25T23:04:25","guid":{"rendered":"https:\/\/rezekne.citro.lv\/veikals\/konfektes-fini-koslajama-gumija-arbuzi-100g\/"},"modified":"2026-04-29T15:01:44","modified_gmt":"2026-04-29T12:01:44","slug":"konfektes-fini-koslajama-gumija-arbuzi-100g","status":"publish","type":"product","link":"https:\/\/rezekne.citro.lv\/ru\/product\/konfektes-fini-koslajama-gumija-arbuzi-100g\/","title":{"rendered":"KONFEKTES FINI KO\u0160\u013b\u0100JAM\u0100 GUMIJA ARB\u016aZI 100G"},"content":{"rendered":"<p>Izcelsmes valsts: Sp\u0101nija<\/p>\n","protected":false},"excerpt":{"rendered":"<p>12.90 \u20ac\/KG<\/p>\n","protected":false},"featured_media":19988,"template":"","meta":{"_acf_changed":false,"inline_featured_image":false},"product_cat":[125,201],"product_tag":[],"acf":[],"aioseo_notices":[],"_links":{"self":[{"href":"https:\/\/rezekne.citro.lv\/ru\/wp-json\/wp\/v2\/product\/46767"}],"collection":[{"href":"https:\/\/rezekne.citro.lv\/ru\/wp-json\/wp\/v2\/product"}],"about":[{"href":"https:\/\/rezekne.citro.lv\/ru\/wp-json\/wp\/v2\/types\/product"}],"wp:featuredmedia":[{"embeddable":true,"href":"https:\/\/rezekne.citro.lv\/ru\/wp-json\/wp\/v2\/media\/19988"}],"wp:attachment":[{"href":"https:\/\/rezekne.citro.lv\/ru\/wp-json\/wp\/v2\/media?parent=46767"}],"wp:term":[{"taxonomy":"product_cat","embeddable":true,"href":"https:\/\/rezekne.citro.lv\/ru\/wp-json\/wp\/v2\/product_cat?post=46767"},{"taxonomy":"product_tag","embeddable":true,"href":"https:\/\/rezekne.citro.lv\/ru\/wp-json\/wp\/v2\/product_tag?post=46767"}],"curies":[{"name":"wp","href":"https:\/\/api.w.org\/{rel}","templated":true}]}}