{"id":46782,"date":"2026-04-23T00:48:23","date_gmt":"2026-04-22T21:48:23","guid":{"rendered":"https:\/\/rezekne.citro.lv\/veikals\/konfeksu-karba-prozit-klasiska-laima-180g\/"},"modified":"2026-05-05T06:04:54","modified_gmt":"2026-05-05T03:04:54","slug":"konfeksu-karba-prozit-klasiska-laima-180g","status":"publish","type":"product","link":"https:\/\/rezekne.citro.lv\/ru\/product\/konfeksu-karba-prozit-klasiska-laima-180g\/","title":{"rendered":"KONFEK\u0160U K\u0100RBA PROZIT KLASISK\u0100 LAIMA 180G"},"content":{"rendered":"<p>Izcelsmes valsts: Igaunija<\/p>\n","protected":false},"excerpt":{"rendered":"<p>55.50 \u20ac\/KG<\/p>\n","protected":false},"featured_media":14720,"template":"","meta":{"_acf_changed":false,"inline_featured_image":false},"product_cat":[125,200],"product_tag":[],"acf":[],"aioseo_notices":[],"_links":{"self":[{"href":"https:\/\/rezekne.citro.lv\/ru\/wp-json\/wp\/v2\/product\/46782"}],"collection":[{"href":"https:\/\/rezekne.citro.lv\/ru\/wp-json\/wp\/v2\/product"}],"about":[{"href":"https:\/\/rezekne.citro.lv\/ru\/wp-json\/wp\/v2\/types\/product"}],"wp:featuredmedia":[{"embeddable":true,"href":"https:\/\/rezekne.citro.lv\/ru\/wp-json\/wp\/v2\/media\/14720"}],"wp:attachment":[{"href":"https:\/\/rezekne.citro.lv\/ru\/wp-json\/wp\/v2\/media?parent=46782"}],"wp:term":[{"taxonomy":"product_cat","embeddable":true,"href":"https:\/\/rezekne.citro.lv\/ru\/wp-json\/wp\/v2\/product_cat?post=46782"},{"taxonomy":"product_tag","embeddable":true,"href":"https:\/\/rezekne.citro.lv\/ru\/wp-json\/wp\/v2\/product_tag?post=46782"}],"curies":[{"name":"wp","href":"https:\/\/api.w.org\/{rel}","templated":true}]}}