{"id":46786,"date":"2026-04-23T01:17:56","date_gmt":"2026-04-22T22:17:56","guid":{"rendered":"https:\/\/rezekne.citro.lv\/veikals\/konfeksu-karba-geisha-tumsa-fazer-150g\/"},"modified":"2026-04-24T09:00:33","modified_gmt":"2026-04-24T06:00:33","slug":"konfeksu-karba-geisha-tumsa-fazer-150g","status":"publish","type":"product","link":"https:\/\/rezekne.citro.lv\/ru\/product\/konfeksu-karba-geisha-tumsa-fazer-150g\/","title":{"rendered":"KONFEK\u0160U K\u0100RBA GEISHA TUM\u0160\u0100 FAZER 150G"},"content":{"rendered":"<p>Izcelsmes valsts: Somija<\/p>\n","protected":false},"excerpt":{"rendered":"<p>25.27 \u20ac\/KG<\/p>\n","protected":false},"featured_media":8490,"template":"","meta":{"_acf_changed":false,"inline_featured_image":false},"product_cat":[125,200],"product_tag":[],"acf":[],"aioseo_notices":[],"_links":{"self":[{"href":"https:\/\/rezekne.citro.lv\/ru\/wp-json\/wp\/v2\/product\/46786"}],"collection":[{"href":"https:\/\/rezekne.citro.lv\/ru\/wp-json\/wp\/v2\/product"}],"about":[{"href":"https:\/\/rezekne.citro.lv\/ru\/wp-json\/wp\/v2\/types\/product"}],"wp:featuredmedia":[{"embeddable":true,"href":"https:\/\/rezekne.citro.lv\/ru\/wp-json\/wp\/v2\/media\/8490"}],"wp:attachment":[{"href":"https:\/\/rezekne.citro.lv\/ru\/wp-json\/wp\/v2\/media?parent=46786"}],"wp:term":[{"taxonomy":"product_cat","embeddable":true,"href":"https:\/\/rezekne.citro.lv\/ru\/wp-json\/wp\/v2\/product_cat?post=46786"},{"taxonomy":"product_tag","embeddable":true,"href":"https:\/\/rezekne.citro.lv\/ru\/wp-json\/wp\/v2\/product_tag?post=46786"}],"curies":[{"name":"wp","href":"https:\/\/api.w.org\/{rel}","templated":true}]}}