{"id":46787,"date":"2026-02-26T01:03:35","date_gmt":"2026-02-25T23:03:35","guid":{"rendered":"https:\/\/rezekne.citro.lv\/veikals\/cepumi-oreo-kakao-ar-vanilas-garsu-44g\/"},"modified":"2026-05-07T06:28:48","modified_gmt":"2026-05-07T03:28:48","slug":"cepumi-oreo-kakao-ar-vanilas-garsu-44g","status":"publish","type":"product","link":"https:\/\/rezekne.citro.lv\/ru\/product\/cepumi-oreo-kakao-ar-vanilas-garsu-44g\/","title":{"rendered":"CEPUMI OREO KAKAO AR VANI\u013bAS GAR\u0160U 44G"},"content":{"rendered":"<p>Izcelsmes valsts: \u0112\u0123ipte<\/p>\n","protected":false},"excerpt":{"rendered":"<p>20.23 \u20ac\/KG<\/p>\n","protected":false},"featured_media":17469,"template":"","meta":{"_acf_changed":false,"inline_featured_image":false},"product_cat":[125,139],"product_tag":[],"acf":[],"aioseo_notices":[],"_links":{"self":[{"href":"https:\/\/rezekne.citro.lv\/ru\/wp-json\/wp\/v2\/product\/46787"}],"collection":[{"href":"https:\/\/rezekne.citro.lv\/ru\/wp-json\/wp\/v2\/product"}],"about":[{"href":"https:\/\/rezekne.citro.lv\/ru\/wp-json\/wp\/v2\/types\/product"}],"wp:featuredmedia":[{"embeddable":true,"href":"https:\/\/rezekne.citro.lv\/ru\/wp-json\/wp\/v2\/media\/17469"}],"wp:attachment":[{"href":"https:\/\/rezekne.citro.lv\/ru\/wp-json\/wp\/v2\/media?parent=46787"}],"wp:term":[{"taxonomy":"product_cat","embeddable":true,"href":"https:\/\/rezekne.citro.lv\/ru\/wp-json\/wp\/v2\/product_cat?post=46787"},{"taxonomy":"product_tag","embeddable":true,"href":"https:\/\/rezekne.citro.lv\/ru\/wp-json\/wp\/v2\/product_tag?post=46787"}],"curies":[{"name":"wp","href":"https:\/\/api.w.org\/{rel}","templated":true}]}}