{"id":46790,"date":"2026-03-26T00:46:26","date_gmt":"2026-03-25T22:46:26","guid":{"rendered":"https:\/\/rezekne.citro.lv\/veikals\/krems-sokolades-riekstu-kiddy-duo-350g\/"},"modified":"2026-04-21T06:10:42","modified_gmt":"2026-04-21T03:10:42","slug":"krems-sokolades-riekstu-kiddy-duo-350g","status":"publish","type":"product","link":"https:\/\/rezekne.citro.lv\/ru\/product\/krems-sokolades-riekstu-kiddy-duo-350g\/","title":{"rendered":"KR\u0112MS \u0160OKOL\u0100DES RIEKSTU KIDDY DUO 350G"},"content":{"rendered":"<p>Izcelsmes valsts: Valsts \u2013 nav zi\u0146u<\/p>\n","protected":false},"excerpt":{"rendered":"<p>9.40 \u20ac\/KG<\/p>\n","protected":false},"featured_media":46900,"template":"","meta":{"_acf_changed":false,"inline_featured_image":false},"product_cat":[125,134],"product_tag":[],"acf":[],"aioseo_notices":[],"_links":{"self":[{"href":"https:\/\/rezekne.citro.lv\/ru\/wp-json\/wp\/v2\/product\/46790"}],"collection":[{"href":"https:\/\/rezekne.citro.lv\/ru\/wp-json\/wp\/v2\/product"}],"about":[{"href":"https:\/\/rezekne.citro.lv\/ru\/wp-json\/wp\/v2\/types\/product"}],"wp:featuredmedia":[{"embeddable":true,"href":"https:\/\/rezekne.citro.lv\/ru\/wp-json\/wp\/v2\/media\/46900"}],"wp:attachment":[{"href":"https:\/\/rezekne.citro.lv\/ru\/wp-json\/wp\/v2\/media?parent=46790"}],"wp:term":[{"taxonomy":"product_cat","embeddable":true,"href":"https:\/\/rezekne.citro.lv\/ru\/wp-json\/wp\/v2\/product_cat?post=46790"},{"taxonomy":"product_tag","embeddable":true,"href":"https:\/\/rezekne.citro.lv\/ru\/wp-json\/wp\/v2\/product_tag?post=46790"}],"curies":[{"name":"wp","href":"https:\/\/api.w.org\/{rel}","templated":true}]}}