{"id":46793,"date":"2025-07-09T00:03:20","date_gmt":"2025-07-08T21:03:20","guid":{"rendered":"https:\/\/rezekne.citro.lv\/veikals\/sokolades-batonins-kit-kat-four-fingers-41-5g\/"},"modified":"2026-04-18T06:26:18","modified_gmt":"2026-04-18T03:26:18","slug":"sokolades-batonins-kit-kat-four-fingers-41-5g","status":"publish","type":"product","link":"https:\/\/rezekne.citro.lv\/ru\/product\/sokolades-batonins-kit-kat-four-fingers-41-5g\/","title":{"rendered":"\u0160OKOL\u0100DES BATONI\u0145\u0160 KIT KAT FOUR FINGERS 41.5G"},"content":{"rendered":"<p>Izcelsmes valsts: V\u0101cija<\/p>\n","protected":false},"excerpt":{"rendered":"<p>21.19 \u20ac\/KG<\/p>\n","protected":false},"featured_media":77380,"template":"","meta":{"_acf_changed":false,"inline_featured_image":false},"product_cat":[125,134],"product_tag":[],"acf":[],"aioseo_notices":[],"_links":{"self":[{"href":"https:\/\/rezekne.citro.lv\/ru\/wp-json\/wp\/v2\/product\/46793"}],"collection":[{"href":"https:\/\/rezekne.citro.lv\/ru\/wp-json\/wp\/v2\/product"}],"about":[{"href":"https:\/\/rezekne.citro.lv\/ru\/wp-json\/wp\/v2\/types\/product"}],"wp:featuredmedia":[{"embeddable":true,"href":"https:\/\/rezekne.citro.lv\/ru\/wp-json\/wp\/v2\/media\/77380"}],"wp:attachment":[{"href":"https:\/\/rezekne.citro.lv\/ru\/wp-json\/wp\/v2\/media?parent=46793"}],"wp:term":[{"taxonomy":"product_cat","embeddable":true,"href":"https:\/\/rezekne.citro.lv\/ru\/wp-json\/wp\/v2\/product_cat?post=46793"},{"taxonomy":"product_tag","embeddable":true,"href":"https:\/\/rezekne.citro.lv\/ru\/wp-json\/wp\/v2\/product_tag?post=46793"}],"curies":[{"name":"wp","href":"https:\/\/api.w.org\/{rel}","templated":true}]}}