{"id":47118,"date":"2026-04-09T00:16:46","date_gmt":"2026-04-08T21:16:46","guid":{"rendered":"https:\/\/rezekne.citro.lv\/veikals\/deserts-kirsitis-citro-150g\/"},"modified":"2026-04-11T15:00:37","modified_gmt":"2026-04-11T12:00:37","slug":"deserts-kirsitis-citro-150g","status":"publish","type":"product","link":"https:\/\/rezekne.citro.lv\/ru\/product\/deserts-kirsitis-citro-150g\/","title":{"rendered":"DESERTS \u0136IRS\u012aTIS CITRO 150G"},"content":{"rendered":"<p>Izcelsmes valsts: Latvija<br \/> Sast\u0101vda\u013cas: konditorejas kr\u0113ms ar cukuru ((\u016bdens, piln\u012bgi hidrogen\u0113ta palmu kodolu e\u013c\u013ca25%, cukurs 12%, PIENA olbaltumvielas, emulgatori E472b, E322(SOJA), E 472e; stabiliz\u0113t\u0101ji: E460, E466, E340;aromatiz\u0113t\u0101js, kr\u0101sviela E160a)):\u0137ir\u0161i \u017eelej\u010150%-26.7%(\u0137ir\u0161i ,\u016bdens,cukurs, modific\u0113t\u0101 cite , sk\u0101buma regul\u0113t\u0101js citronsk\u0101be,biezin\u0101t\u0101js:guaras sve\u0137i.konservanti: k\u0101lija sorb\u0101ts, n\u0101trja benzo\u0101ts, aromatiz\u0113t\u0101js);: sausais mais\u012bjums kr\u0113mu un pild\u012bjumu  pagatavo\u0161anai((cukurs, kakao, augu e\u013c\u013ca (palmu, kokosriekstu main\u012bg\u0101s proporcij\u0101s), glikozes s\u012brups, modific\u0113ta kartupe\u013cu ciete: E1414; glikoze,S\u016aKALU pulveris, PIENA pulveris, emulgatori: E471, E472a; aromatiz\u0113t\u0101js)): biezpiena masa t.s 4%(PIENS, KR\u0112JUMS, t\u012brkult\u016bras bakt\u0113rijas,): \u016bdens:  p\u016bdercukurs(cukurs ).Uzglab\u0101\u0161anas temperat\u016bra+2-+6C  Inform\u0101cija par uzturv\u0113rt\u012bbu: 100 g produkta satur: ener\u0123\u0113tisk\u0101 v\u0113rt\u012bba 1028 kJ \/ 247kcal; tauki 14.9g, tostarp pies\u0101tin\u0101t\u0101s tauksk\u0101bes 14.5g; og\u013chidr\u0101ti 24.7g, tostarp cukuri 19.8g; \u0161\u0137iedrvielas 1.2g; olbaltumvielas 2.8g; s\u0101ls 0.2g.<\/p>\n","protected":false},"excerpt":{"rendered":"<p>7.93 \u20ac\/KG<\/p>\n","protected":false},"featured_media":56236,"template":"","meta":{"_acf_changed":false,"inline_featured_image":false},"product_cat":[113,221],"product_tag":[],"acf":[],"aioseo_notices":[],"_links":{"self":[{"href":"https:\/\/rezekne.citro.lv\/ru\/wp-json\/wp\/v2\/product\/47118"}],"collection":[{"href":"https:\/\/rezekne.citro.lv\/ru\/wp-json\/wp\/v2\/product"}],"about":[{"href":"https:\/\/rezekne.citro.lv\/ru\/wp-json\/wp\/v2\/types\/product"}],"wp:featuredmedia":[{"embeddable":true,"href":"https:\/\/rezekne.citro.lv\/ru\/wp-json\/wp\/v2\/media\/56236"}],"wp:attachment":[{"href":"https:\/\/rezekne.citro.lv\/ru\/wp-json\/wp\/v2\/media?parent=47118"}],"wp:term":[{"taxonomy":"product_cat","embeddable":true,"href":"https:\/\/rezekne.citro.lv\/ru\/wp-json\/wp\/v2\/product_cat?post=47118"},{"taxonomy":"product_tag","embeddable":true,"href":"https:\/\/rezekne.citro.lv\/ru\/wp-json\/wp\/v2\/product_tag?post=47118"}],"curies":[{"name":"wp","href":"https:\/\/api.w.org\/{rel}","templated":true}]}}