{"id":47460,"date":"2026-03-26T00:46:02","date_gmt":"2026-03-25T22:46:02","guid":{"rendered":"https:\/\/rezekne.citro.lv\/veikals\/karam-vezisi-roshen-kg\/"},"modified":"2026-04-05T06:25:15","modified_gmt":"2026-04-05T03:25:15","slug":"karam-vezisi-roshen-kg","status":"publish","type":"product","link":"https:\/\/rezekne.citro.lv\/ru\/product\/karam-vezisi-roshen-kg\/","title":{"rendered":"KARAM. V\u0112Z\u012a\u0160I ROSHEN KG"},"content":{"rendered":"<p>Izcelsmes valsts: Ukraina<br \/>Sast\u0101vs:cukurs,pild\u012bjums(30%)(cukurs,grauzd\u0113ti malti ZEMESRIEKSTI,kakao masa,margar\u012bns (sarkan\u0101 palmu e\u013c\u013ca,emulgators:SOJAS lecit\u012bns,E471,E475,konservants:sorbsk\u0101be,sk\u0101buma regul\u0113t\u0101js:citronsk\u0101be,aromatiz\u0113t\u0101js,kr\u0101sviela:E 160a),augu tauki(sarkan\u0101 palmu e\u013c\u013ca,da\u013c\u0113ji hidrat\u0113ta saulespu\u0137u e\u013c\u013ca,emulgatori:E471,E475;antioksidanti:E320,E321),aromatiz\u0113t\u0101ji:,,Vani\u013ca,,,Zemesriekstu,,;emulgators:SOJAS lecit\u012bns),glikozes s\u012brups,inver\u0113ts s\u012brups(cukurs,sk\u0101buma regul\u0113t\u0101js;piensk\u0101be,n\u0101trija karbon\u0101ts),kr\u0101sviela:E163,E160c;aromatiz\u0113t\u0101js;,,vani\u013ca,,.<\/p>\n","protected":false},"excerpt":{"rendered":"<p>4.59 \u20ac\/KG<\/p>\n","protected":false},"featured_media":47723,"template":"","meta":{"_acf_changed":false,"inline_featured_image":false},"product_cat":[125,201],"product_tag":[],"acf":[],"aioseo_notices":[],"_links":{"self":[{"href":"https:\/\/rezekne.citro.lv\/ru\/wp-json\/wp\/v2\/product\/47460"}],"collection":[{"href":"https:\/\/rezekne.citro.lv\/ru\/wp-json\/wp\/v2\/product"}],"about":[{"href":"https:\/\/rezekne.citro.lv\/ru\/wp-json\/wp\/v2\/types\/product"}],"wp:featuredmedia":[{"embeddable":true,"href":"https:\/\/rezekne.citro.lv\/ru\/wp-json\/wp\/v2\/media\/47723"}],"wp:attachment":[{"href":"https:\/\/rezekne.citro.lv\/ru\/wp-json\/wp\/v2\/media?parent=47460"}],"wp:term":[{"taxonomy":"product_cat","embeddable":true,"href":"https:\/\/rezekne.citro.lv\/ru\/wp-json\/wp\/v2\/product_cat?post=47460"},{"taxonomy":"product_tag","embeddable":true,"href":"https:\/\/rezekne.citro.lv\/ru\/wp-json\/wp\/v2\/product_tag?post=47460"}],"curies":[{"name":"wp","href":"https:\/\/api.w.org\/{rel}","templated":true}]}}