{"id":47470,"date":"2026-03-26T00:45:42","date_gmt":"2026-03-25T22:45:42","guid":{"rendered":"https:\/\/rezekne.citro.lv\/veikals\/sok-konfektes-sorrento-roshen-kg\/"},"modified":"2026-05-15T06:04:53","modified_gmt":"2026-05-15T03:04:53","slug":"sok-konfektes-sorrento-roshen-kg","status":"publish","type":"product","link":"https:\/\/rezekne.citro.lv\/ru\/product\/sok-konfektes-sorrento-roshen-kg\/","title":{"rendered":"\u0160OK. KONFEKTES SORRENTO ROSHEN KG"},"content":{"rendered":"<p>Izcelsmes valsts: Ukraina<br \/>Sast\u0101vs:Pom\u0101des konfektes ar brendija arom\u0101tu un \u0161okol\u0101des gar\u0161as glaz\u016bru.Cukurs,iebiezin\u0101ts,pienu saturo\u0161s produkts(attaukots PIENS(27%),cukurs,augu tauki(palmu e\u013c\u013ca,saulespu\u0137u e\u013c\u013ca,emulgatori (E471,E475),antioksidants(E321,E320)),LAKTOZE),glaz\u016bra(37%)(cukurs,augu e\u013c\u013ca(\u0161\u012b sviests,palmu e\u013c\u013ca),kakao pulveris,kakao masa,kakao sviests,emulgators(SOJAS LECIT\u012aNS),aromatizators),glikozes s\u012brups,augu tauki(palmu e\u013c\u013ca,emulgators:E471,antioksidanti:E321,E320),brendijs,aromatizators.Var satur\u0113t ZEMESRIEKSTU da\u013ci\u0146as.<\/p>\n","protected":false},"excerpt":{"rendered":"<p>8.99 \u20ac\/KG<\/p>\n","protected":false},"featured_media":47695,"template":"","meta":{"_acf_changed":false,"inline_featured_image":false},"product_cat":[125,201],"product_tag":[],"acf":[],"aioseo_notices":[],"_links":{"self":[{"href":"https:\/\/rezekne.citro.lv\/ru\/wp-json\/wp\/v2\/product\/47470"}],"collection":[{"href":"https:\/\/rezekne.citro.lv\/ru\/wp-json\/wp\/v2\/product"}],"about":[{"href":"https:\/\/rezekne.citro.lv\/ru\/wp-json\/wp\/v2\/types\/product"}],"wp:featuredmedia":[{"embeddable":true,"href":"https:\/\/rezekne.citro.lv\/ru\/wp-json\/wp\/v2\/media\/47695"}],"wp:attachment":[{"href":"https:\/\/rezekne.citro.lv\/ru\/wp-json\/wp\/v2\/media?parent=47470"}],"wp:term":[{"taxonomy":"product_cat","embeddable":true,"href":"https:\/\/rezekne.citro.lv\/ru\/wp-json\/wp\/v2\/product_cat?post=47470"},{"taxonomy":"product_tag","embeddable":true,"href":"https:\/\/rezekne.citro.lv\/ru\/wp-json\/wp\/v2\/product_tag?post=47470"}],"curies":[{"name":"wp","href":"https:\/\/api.w.org\/{rel}","templated":true}]}}