{"id":47487,"date":"2026-04-23T01:18:49","date_gmt":"2026-04-22T22:18:49","guid":{"rendered":"https:\/\/rezekne.citro.lv\/veikals\/nudeles-krejuma-tomatu-merce-maggi-5min-62g\/"},"modified":"2026-05-07T06:28:46","modified_gmt":"2026-05-07T03:28:46","slug":"nudeles-krejuma-tomatu-merce-maggi-5min-62g","status":"publish","type":"product","link":"https:\/\/rezekne.citro.lv\/ru\/product\/nudeles-krejuma-tomatu-merce-maggi-5min-62g\/","title":{"rendered":"N\u016aDELES KR\u0112JUMA TOM\u0100TU M\u0112RC\u0112 MAGGI 5MIN 62G"},"content":{"rendered":"<p>Izcelsmes valsts: Polija<\/p>\n","protected":false},"excerpt":{"rendered":"<p>28.87 \u20ac\/KG<\/p>\n","protected":false},"featured_media":5393,"template":"","meta":{"_acf_changed":false,"inline_featured_image":false},"product_cat":[111,138],"product_tag":[],"acf":[],"aioseo_notices":[],"_links":{"self":[{"href":"https:\/\/rezekne.citro.lv\/ru\/wp-json\/wp\/v2\/product\/47487"}],"collection":[{"href":"https:\/\/rezekne.citro.lv\/ru\/wp-json\/wp\/v2\/product"}],"about":[{"href":"https:\/\/rezekne.citro.lv\/ru\/wp-json\/wp\/v2\/types\/product"}],"wp:featuredmedia":[{"embeddable":true,"href":"https:\/\/rezekne.citro.lv\/ru\/wp-json\/wp\/v2\/media\/5393"}],"wp:attachment":[{"href":"https:\/\/rezekne.citro.lv\/ru\/wp-json\/wp\/v2\/media?parent=47487"}],"wp:term":[{"taxonomy":"product_cat","embeddable":true,"href":"https:\/\/rezekne.citro.lv\/ru\/wp-json\/wp\/v2\/product_cat?post=47487"},{"taxonomy":"product_tag","embeddable":true,"href":"https:\/\/rezekne.citro.lv\/ru\/wp-json\/wp\/v2\/product_tag?post=47487"}],"curies":[{"name":"wp","href":"https:\/\/api.w.org\/{rel}","templated":true}]}}