{"id":47491,"date":"2026-05-07T00:17:07","date_gmt":"2026-05-06T21:17:07","guid":{"rendered":"https:\/\/rezekne.citro.lv\/veikals\/batonins-musli-nestle-sokolades-35g\/"},"modified":"2026-05-13T06:27:39","modified_gmt":"2026-05-13T03:27:39","slug":"batonins-musli-nestle-sokolades-35g","status":"publish","type":"product","link":"https:\/\/rezekne.citro.lv\/ru\/product\/batonins-musli-nestle-sokolades-35g\/","title":{"rendered":"BATONI\u0145\u0160 MUSLI NESTLE \u0160OKOL\u0100DES 35G"},"content":{"rendered":"<p>Izcelsmes valsts: Polija<\/p>\n","protected":false},"excerpt":{"rendered":"<p>14.00 \u20ac\/KG<\/p>\n","protected":false},"featured_media":47636,"template":"","meta":{"_acf_changed":false,"inline_featured_image":false},"product_cat":[125,126],"product_tag":[],"acf":[],"aioseo_notices":[],"_links":{"self":[{"href":"https:\/\/rezekne.citro.lv\/ru\/wp-json\/wp\/v2\/product\/47491"}],"collection":[{"href":"https:\/\/rezekne.citro.lv\/ru\/wp-json\/wp\/v2\/product"}],"about":[{"href":"https:\/\/rezekne.citro.lv\/ru\/wp-json\/wp\/v2\/types\/product"}],"wp:featuredmedia":[{"embeddable":true,"href":"https:\/\/rezekne.citro.lv\/ru\/wp-json\/wp\/v2\/media\/47636"}],"wp:attachment":[{"href":"https:\/\/rezekne.citro.lv\/ru\/wp-json\/wp\/v2\/media?parent=47491"}],"wp:term":[{"taxonomy":"product_cat","embeddable":true,"href":"https:\/\/rezekne.citro.lv\/ru\/wp-json\/wp\/v2\/product_cat?post=47491"},{"taxonomy":"product_tag","embeddable":true,"href":"https:\/\/rezekne.citro.lv\/ru\/wp-json\/wp\/v2\/product_tag?post=47491"}],"curies":[{"name":"wp","href":"https:\/\/api.w.org\/{rel}","templated":true}]}}