{"id":47492,"date":"2026-03-26T01:15:25","date_gmt":"2026-03-25T23:15:25","guid":{"rendered":"https:\/\/rezekne.citro.lv\/veikals\/batonins-musli-nestle-sokolades-ar-bananu-35g\/"},"modified":"2026-03-28T06:13:50","modified_gmt":"2026-03-28T04:13:50","slug":"batonins-musli-nestle-sokolades-ar-bananu-35g","status":"publish","type":"product","link":"https:\/\/rezekne.citro.lv\/ru\/product\/batonins-musli-nestle-sokolades-ar-bananu-35g\/","title":{"rendered":"BATONI\u0145\u0160 MUSLI NESTLE \u0160OKOL\u0100DES AR BAN\u0100NU 35G"},"content":{"rendered":"<p>Izcelsmes valsts: Polija<\/p>\n","protected":false},"excerpt":{"rendered":"<p>18.57 \u20ac\/KG<\/p>\n","protected":false},"featured_media":47639,"template":"","meta":{"_acf_changed":false,"inline_featured_image":false},"product_cat":[125,126],"product_tag":[],"acf":[],"aioseo_notices":[],"_links":{"self":[{"href":"https:\/\/rezekne.citro.lv\/ru\/wp-json\/wp\/v2\/product\/47492"}],"collection":[{"href":"https:\/\/rezekne.citro.lv\/ru\/wp-json\/wp\/v2\/product"}],"about":[{"href":"https:\/\/rezekne.citro.lv\/ru\/wp-json\/wp\/v2\/types\/product"}],"wp:featuredmedia":[{"embeddable":true,"href":"https:\/\/rezekne.citro.lv\/ru\/wp-json\/wp\/v2\/media\/47639"}],"wp:attachment":[{"href":"https:\/\/rezekne.citro.lv\/ru\/wp-json\/wp\/v2\/media?parent=47492"}],"wp:term":[{"taxonomy":"product_cat","embeddable":true,"href":"https:\/\/rezekne.citro.lv\/ru\/wp-json\/wp\/v2\/product_cat?post=47492"},{"taxonomy":"product_tag","embeddable":true,"href":"https:\/\/rezekne.citro.lv\/ru\/wp-json\/wp\/v2\/product_tag?post=47492"}],"curies":[{"name":"wp","href":"https:\/\/api.w.org\/{rel}","templated":true}]}}