{"id":47499,"date":"2026-03-26T01:01:22","date_gmt":"2026-03-25T23:01:22","guid":{"rendered":"https:\/\/rezekne.citro.lv\/veikals\/pelmeni-majas-gimenes-paka-1kg\/"},"modified":"2026-05-03T06:26:37","modified_gmt":"2026-05-03T03:26:37","slug":"pelmeni-majas-gimenes-paka-1kg","status":"publish","type":"product","link":"https:\/\/rezekne.citro.lv\/ru\/product\/pelmeni-majas-gimenes-paka-1kg\/","title":{"rendered":"PELME\u0145I M\u0100JAS \u0122IMENES PAKA 1KG"},"content":{"rendered":"<p>Izcelsmes valsts: Latvija<\/p>\n","protected":false},"excerpt":{"rendered":"<p>4.19 \u20ac\/KG<\/p>\n","protected":false},"featured_media":14943,"template":"","meta":{"_acf_changed":false,"inline_featured_image":false},"product_cat":[231,232],"product_tag":[],"acf":[],"aioseo_notices":[],"_links":{"self":[{"href":"https:\/\/rezekne.citro.lv\/ru\/wp-json\/wp\/v2\/product\/47499"}],"collection":[{"href":"https:\/\/rezekne.citro.lv\/ru\/wp-json\/wp\/v2\/product"}],"about":[{"href":"https:\/\/rezekne.citro.lv\/ru\/wp-json\/wp\/v2\/types\/product"}],"wp:featuredmedia":[{"embeddable":true,"href":"https:\/\/rezekne.citro.lv\/ru\/wp-json\/wp\/v2\/media\/14943"}],"wp:attachment":[{"href":"https:\/\/rezekne.citro.lv\/ru\/wp-json\/wp\/v2\/media?parent=47499"}],"wp:term":[{"taxonomy":"product_cat","embeddable":true,"href":"https:\/\/rezekne.citro.lv\/ru\/wp-json\/wp\/v2\/product_cat?post=47499"},{"taxonomy":"product_tag","embeddable":true,"href":"https:\/\/rezekne.citro.lv\/ru\/wp-json\/wp\/v2\/product_tag?post=47499"}],"curies":[{"name":"wp","href":"https:\/\/api.w.org\/{rel}","templated":true}]}}