{"id":47501,"date":"2026-04-23T00:49:22","date_gmt":"2026-04-22T21:49:22","guid":{"rendered":"https:\/\/rezekne.citro.lv\/veikals\/mercite-dipi-ar-krej-sip-locinu-garsu-15g\/"},"modified":"2026-05-15T06:25:55","modified_gmt":"2026-05-15T03:25:55","slug":"mercite-dipi-ar-krej-sip-locinu-garsu-15g","status":"publish","type":"product","link":"https:\/\/rezekne.citro.lv\/ru\/product\/mercite-dipi-ar-krej-sip-locinu-garsu-15g\/","title":{"rendered":"M\u0112RC\u012aTE DIPI AR KR\u0112J.-S\u012aP.-LOCI\u0145U GAR\u0160U 15G"},"content":{"rendered":"<p>Izcelsmes valsts: Latvija<\/p>\n","protected":false},"excerpt":{"rendered":"<p>66.00 \u20ac\/KG<\/p>\n","protected":false},"featured_media":47615,"template":"","meta":{"_acf_changed":false,"inline_featured_image":false},"product_cat":[116,208],"product_tag":[],"acf":[],"aioseo_notices":[],"_links":{"self":[{"href":"https:\/\/rezekne.citro.lv\/ru\/wp-json\/wp\/v2\/product\/47501"}],"collection":[{"href":"https:\/\/rezekne.citro.lv\/ru\/wp-json\/wp\/v2\/product"}],"about":[{"href":"https:\/\/rezekne.citro.lv\/ru\/wp-json\/wp\/v2\/types\/product"}],"wp:featuredmedia":[{"embeddable":true,"href":"https:\/\/rezekne.citro.lv\/ru\/wp-json\/wp\/v2\/media\/47615"}],"wp:attachment":[{"href":"https:\/\/rezekne.citro.lv\/ru\/wp-json\/wp\/v2\/media?parent=47501"}],"wp:term":[{"taxonomy":"product_cat","embeddable":true,"href":"https:\/\/rezekne.citro.lv\/ru\/wp-json\/wp\/v2\/product_cat?post=47501"},{"taxonomy":"product_tag","embeddable":true,"href":"https:\/\/rezekne.citro.lv\/ru\/wp-json\/wp\/v2\/product_tag?post=47501"}],"curies":[{"name":"wp","href":"https:\/\/api.w.org\/{rel}","templated":true}]}}