{"id":47504,"date":"2026-04-23T00:49:22","date_gmt":"2026-04-22T21:49:22","guid":{"rendered":"https:\/\/rezekne.citro.lv\/veikals\/mercite-dipi-dillu-16g\/"},"modified":"2026-05-14T06:26:49","modified_gmt":"2026-05-14T03:26:49","slug":"mercite-dipi-dillu-16g","status":"publish","type":"product","link":"https:\/\/rezekne.citro.lv\/ru\/product\/mercite-dipi-dillu-16g\/","title":{"rendered":"M\u0112RC\u012aTE DIPI DI\u013b\u013bU 16G"},"content":{"rendered":"<p>Izcelsmes valsts: Latvija<\/p>\n","protected":false},"excerpt":{"rendered":"<p>61.88 \u20ac\/GAB<\/p>\n","protected":false},"featured_media":14767,"template":"","meta":{"_acf_changed":false,"inline_featured_image":false},"product_cat":[116,208],"product_tag":[],"acf":[],"aioseo_notices":[],"_links":{"self":[{"href":"https:\/\/rezekne.citro.lv\/ru\/wp-json\/wp\/v2\/product\/47504"}],"collection":[{"href":"https:\/\/rezekne.citro.lv\/ru\/wp-json\/wp\/v2\/product"}],"about":[{"href":"https:\/\/rezekne.citro.lv\/ru\/wp-json\/wp\/v2\/types\/product"}],"wp:featuredmedia":[{"embeddable":true,"href":"https:\/\/rezekne.citro.lv\/ru\/wp-json\/wp\/v2\/media\/14767"}],"wp:attachment":[{"href":"https:\/\/rezekne.citro.lv\/ru\/wp-json\/wp\/v2\/media?parent=47504"}],"wp:term":[{"taxonomy":"product_cat","embeddable":true,"href":"https:\/\/rezekne.citro.lv\/ru\/wp-json\/wp\/v2\/product_cat?post=47504"},{"taxonomy":"product_tag","embeddable":true,"href":"https:\/\/rezekne.citro.lv\/ru\/wp-json\/wp\/v2\/product_tag?post=47504"}],"curies":[{"name":"wp","href":"https:\/\/api.w.org\/{rel}","templated":true}]}}