{"id":47505,"date":"2026-04-23T00:49:22","date_gmt":"2026-04-22T21:49:22","guid":{"rendered":"https:\/\/rezekne.citro.lv\/veikals\/mercite-dipi-darzenu-14g\/"},"modified":"2026-04-23T00:49:25","modified_gmt":"2026-04-22T21:49:25","slug":"mercite-dipi-darzenu-14g","status":"publish","type":"product","link":"https:\/\/rezekne.citro.lv\/ru\/product\/mercite-dipi-darzenu-14g\/","title":{"rendered":"M\u0112RC\u012aTE DIPI D\u0100RZE\u0145U 14G"},"content":{"rendered":"<p>Izcelsmes valsts: Latvija<\/p>\n","protected":false},"excerpt":{"rendered":"<p>70.71 \u20ac\/KG<\/p>\n","protected":false},"featured_media":14771,"template":"","meta":{"_acf_changed":false,"inline_featured_image":false},"product_cat":[116,208],"product_tag":[],"acf":[],"aioseo_notices":[],"_links":{"self":[{"href":"https:\/\/rezekne.citro.lv\/ru\/wp-json\/wp\/v2\/product\/47505"}],"collection":[{"href":"https:\/\/rezekne.citro.lv\/ru\/wp-json\/wp\/v2\/product"}],"about":[{"href":"https:\/\/rezekne.citro.lv\/ru\/wp-json\/wp\/v2\/types\/product"}],"wp:featuredmedia":[{"embeddable":true,"href":"https:\/\/rezekne.citro.lv\/ru\/wp-json\/wp\/v2\/media\/14771"}],"wp:attachment":[{"href":"https:\/\/rezekne.citro.lv\/ru\/wp-json\/wp\/v2\/media?parent=47505"}],"wp:term":[{"taxonomy":"product_cat","embeddable":true,"href":"https:\/\/rezekne.citro.lv\/ru\/wp-json\/wp\/v2\/product_cat?post=47505"},{"taxonomy":"product_tag","embeddable":true,"href":"https:\/\/rezekne.citro.lv\/ru\/wp-json\/wp\/v2\/product_tag?post=47505"}],"curies":[{"name":"wp","href":"https:\/\/api.w.org\/{rel}","templated":true}]}}