{"id":47534,"date":"2026-04-23T01:00:04","date_gmt":"2026-04-22T22:00:04","guid":{"rendered":"https:\/\/rezekne.citro.lv\/veikals\/jogurts-grieku-ar-auzu-parslam-un-zemenem-baltais-160g\/"},"modified":"2026-05-11T06:10:38","modified_gmt":"2026-05-11T03:10:38","slug":"jogurts-grieku-ar-auzu-parslam-un-zemenem-baltais-160g","status":"publish","type":"product","link":"https:\/\/rezekne.citro.lv\/ru\/product\/jogurts-grieku-ar-auzu-parslam-un-zemenem-baltais-160g\/","title":{"rendered":"JOGURTS GRIE\u0136U AR AUZU P\u0100RSL\u0100M UN ZEMEN\u0112M 160G"},"content":{"rendered":"<p>Izcelsmes valsts: Latvija<\/p>\n","protected":false},"excerpt":{"rendered":"<p>6.19 \u20ac\/KG<\/p>\n","protected":false},"featured_media":47566,"template":"","meta":{"_acf_changed":false,"inline_featured_image":false},"product_cat":[95,100],"product_tag":[],"acf":[],"aioseo_notices":[],"_links":{"self":[{"href":"https:\/\/rezekne.citro.lv\/ru\/wp-json\/wp\/v2\/product\/47534"}],"collection":[{"href":"https:\/\/rezekne.citro.lv\/ru\/wp-json\/wp\/v2\/product"}],"about":[{"href":"https:\/\/rezekne.citro.lv\/ru\/wp-json\/wp\/v2\/types\/product"}],"wp:featuredmedia":[{"embeddable":true,"href":"https:\/\/rezekne.citro.lv\/ru\/wp-json\/wp\/v2\/media\/47566"}],"wp:attachment":[{"href":"https:\/\/rezekne.citro.lv\/ru\/wp-json\/wp\/v2\/media?parent=47534"}],"wp:term":[{"taxonomy":"product_cat","embeddable":true,"href":"https:\/\/rezekne.citro.lv\/ru\/wp-json\/wp\/v2\/product_cat?post=47534"},{"taxonomy":"product_tag","embeddable":true,"href":"https:\/\/rezekne.citro.lv\/ru\/wp-json\/wp\/v2\/product_tag?post=47534"}],"curies":[{"name":"wp","href":"https:\/\/api.w.org\/{rel}","templated":true}]}}