{"id":47843,"date":"2025-06-21T00:03:19","date_gmt":"2025-06-20T21:03:19","guid":{"rendered":"https:\/\/rezekne.citro.lv\/veikals\/lekon-vistas-rulete-kg\/"},"modified":"2026-04-05T06:25:07","modified_gmt":"2026-04-05T03:25:07","slug":"rulete-vistas-galas-sver","status":"publish","type":"product","link":"https:\/\/rezekne.citro.lv\/ru\/product\/rulete-vistas-galas-sver\/","title":{"rendered":"RULETE VISTAS GA\u013bAS SVER."},"content":{"rendered":"<p>Izcelsmes valsts: Latvija<br \/> Sast\u0101vda\u013cas:vistas ga\u013ca97.2%; burk\u0101ni; s\u0101ls;\u0137iploku pulveris ( \u0137iploka e\u013c\u013ca ,nes\u0113jvielas: p\u0101rtikas s\u0101ls dekstroze);gar\u0161vielas((gar\u0161vielas(t.sk.SINEPES), dekstroze , gar\u0161vielas ekstrakti, raugu ekstrakts));gar\u0161vielas(melno piparu ekstrakts 5%, nesejviela dekstroze );Uzglab\u0101\u0161anas temperat\u016bra.+2-+6C Inform\u0101cija par uzturv\u0113rt\u012bbu: 100 g produkta satur: ener\u0123\u0113tisk\u0101 v\u0113rt\u012bba 725 kJ \/ 174kcal: tauki 10.9g, tostarp pies\u0101tin\u0101t\u0101s tauksk\u0101bes 3.6g: og\u013chidr\u0101ti 1.2g, tostarp cukuri 0.2g: \u0161\u0137iedrvielas 0.1g: olbaltumvielas 17.7g: s\u0101ls 0.8g. : Ra\u017eot\u0101js: SIA Lekon, Varo\u0146u iela 36b, R\u0113zekne<\/p>\n","protected":false},"excerpt":{"rendered":"<p>13.99 \u20ac\/KG<\/p>\n","protected":false},"featured_media":0,"template":"","meta":{"_acf_changed":false,"inline_featured_image":false},"product_cat":[113,566,114],"product_tag":[],"acf":[],"aioseo_notices":[],"_links":{"self":[{"href":"https:\/\/rezekne.citro.lv\/ru\/wp-json\/wp\/v2\/product\/47843"}],"collection":[{"href":"https:\/\/rezekne.citro.lv\/ru\/wp-json\/wp\/v2\/product"}],"about":[{"href":"https:\/\/rezekne.citro.lv\/ru\/wp-json\/wp\/v2\/types\/product"}],"wp:attachment":[{"href":"https:\/\/rezekne.citro.lv\/ru\/wp-json\/wp\/v2\/media?parent=47843"}],"wp:term":[{"taxonomy":"product_cat","embeddable":true,"href":"https:\/\/rezekne.citro.lv\/ru\/wp-json\/wp\/v2\/product_cat?post=47843"},{"taxonomy":"product_tag","embeddable":true,"href":"https:\/\/rezekne.citro.lv\/ru\/wp-json\/wp\/v2\/product_tag?post=47843"}],"curies":[{"name":"wp","href":"https:\/\/api.w.org\/{rel}","templated":true}]}}