{"id":47849,"date":"2026-04-22T00:04:13","date_gmt":"2026-04-21T21:04:13","guid":{"rendered":"https:\/\/rezekne.citro.lv\/veikals\/dzeriens-mandelu-piens-alpro-1l\/"},"modified":"2026-04-22T00:04:19","modified_gmt":"2026-04-21T21:04:19","slug":"dzeriens-mandelu-piens-alpro-1l","status":"publish","type":"product","link":"https:\/\/rezekne.citro.lv\/ru\/product\/dzeriens-mandelu-piens-alpro-1l\/","title":{"rendered":"DZ\u0112RIENS ALPRO MANDE\u013bU 1L"},"content":{"rendered":"<p>Izcelsmes valsts: Be\u013c\u0123ija<\/p>\n","protected":false},"excerpt":{"rendered":"<p>2.99 \u20ac\/L<\/p>\n","protected":false},"featured_media":47914,"template":"","meta":{"_acf_changed":false,"inline_featured_image":false},"product_cat":[95,547],"product_tag":[],"acf":[],"aioseo_notices":[],"_links":{"self":[{"href":"https:\/\/rezekne.citro.lv\/ru\/wp-json\/wp\/v2\/product\/47849"}],"collection":[{"href":"https:\/\/rezekne.citro.lv\/ru\/wp-json\/wp\/v2\/product"}],"about":[{"href":"https:\/\/rezekne.citro.lv\/ru\/wp-json\/wp\/v2\/types\/product"}],"wp:featuredmedia":[{"embeddable":true,"href":"https:\/\/rezekne.citro.lv\/ru\/wp-json\/wp\/v2\/media\/47914"}],"wp:attachment":[{"href":"https:\/\/rezekne.citro.lv\/ru\/wp-json\/wp\/v2\/media?parent=47849"}],"wp:term":[{"taxonomy":"product_cat","embeddable":true,"href":"https:\/\/rezekne.citro.lv\/ru\/wp-json\/wp\/v2\/product_cat?post=47849"},{"taxonomy":"product_tag","embeddable":true,"href":"https:\/\/rezekne.citro.lv\/ru\/wp-json\/wp\/v2\/product_tag?post=47849"}],"curies":[{"name":"wp","href":"https:\/\/api.w.org\/{rel}","templated":true}]}}