{"id":47857,"date":"2026-03-12T00:16:25","date_gmt":"2026-03-11T22:16:25","guid":{"rendered":"https:\/\/rezekne.citro.lv\/veikals\/piena-dzeriens-nau-zemenu-2-6-450ml\/"},"modified":"2026-04-15T06:12:59","modified_gmt":"2026-04-15T03:12:59","slug":"piena-dzeriens-nau-zemenu-2-6-450ml","status":"publish","type":"product","link":"https:\/\/rezekne.citro.lv\/ru\/product\/piena-dzeriens-nau-zemenu-2-6-450ml\/","title":{"rendered":"PIENA DZ\u0112RIENS \u0145AU ZEME\u0145U 2.6% 450ML"},"content":{"rendered":"<p>Izcelsmes valsts: Lietuva<\/p>\n","protected":false},"excerpt":{"rendered":"<p>2.64 \u20ac\/L<\/p>\n","protected":false},"featured_media":31163,"template":"","meta":{"_acf_changed":false,"inline_featured_image":false},"product_cat":[95,210],"product_tag":[],"acf":[],"aioseo_notices":[],"_links":{"self":[{"href":"https:\/\/rezekne.citro.lv\/ru\/wp-json\/wp\/v2\/product\/47857"}],"collection":[{"href":"https:\/\/rezekne.citro.lv\/ru\/wp-json\/wp\/v2\/product"}],"about":[{"href":"https:\/\/rezekne.citro.lv\/ru\/wp-json\/wp\/v2\/types\/product"}],"wp:featuredmedia":[{"embeddable":true,"href":"https:\/\/rezekne.citro.lv\/ru\/wp-json\/wp\/v2\/media\/31163"}],"wp:attachment":[{"href":"https:\/\/rezekne.citro.lv\/ru\/wp-json\/wp\/v2\/media?parent=47857"}],"wp:term":[{"taxonomy":"product_cat","embeddable":true,"href":"https:\/\/rezekne.citro.lv\/ru\/wp-json\/wp\/v2\/product_cat?post=47857"},{"taxonomy":"product_tag","embeddable":true,"href":"https:\/\/rezekne.citro.lv\/ru\/wp-json\/wp\/v2\/product_tag?post=47857"}],"curies":[{"name":"wp","href":"https:\/\/api.w.org\/{rel}","templated":true}]}}