{"id":47858,"date":"2026-04-22T00:04:06","date_gmt":"2026-04-21T21:04:06","guid":{"rendered":"https:\/\/rezekne.citro.lv\/veikals\/piena-dzeriens-nau-sokolades-2-6-450ml\/"},"modified":"2026-05-13T12:00:46","modified_gmt":"2026-05-13T09:00:46","slug":"piena-dzeriens-nau-sokolades-2-6-450ml","status":"publish","type":"product","link":"https:\/\/rezekne.citro.lv\/ru\/product\/piena-dzeriens-nau-sokolades-2-6-450ml\/","title":{"rendered":"DZ\u0112RIENS PIENA NAU \u0160OKOL\u0100DES  2,6% 450ML"},"content":{"rendered":"<p>Izcelsmes valsts: Lietuva<\/p>\n","protected":false},"excerpt":{"rendered":"<p>2.64 \u20ac\/L<\/p>\n","protected":false},"featured_media":31167,"template":"","meta":{"_acf_changed":false,"inline_featured_image":false},"product_cat":[95,210],"product_tag":[],"acf":[],"aioseo_notices":[],"_links":{"self":[{"href":"https:\/\/rezekne.citro.lv\/ru\/wp-json\/wp\/v2\/product\/47858"}],"collection":[{"href":"https:\/\/rezekne.citro.lv\/ru\/wp-json\/wp\/v2\/product"}],"about":[{"href":"https:\/\/rezekne.citro.lv\/ru\/wp-json\/wp\/v2\/types\/product"}],"wp:featuredmedia":[{"embeddable":true,"href":"https:\/\/rezekne.citro.lv\/ru\/wp-json\/wp\/v2\/media\/31167"}],"wp:attachment":[{"href":"https:\/\/rezekne.citro.lv\/ru\/wp-json\/wp\/v2\/media?parent=47858"}],"wp:term":[{"taxonomy":"product_cat","embeddable":true,"href":"https:\/\/rezekne.citro.lv\/ru\/wp-json\/wp\/v2\/product_cat?post=47858"},{"taxonomy":"product_tag","embeddable":true,"href":"https:\/\/rezekne.citro.lv\/ru\/wp-json\/wp\/v2\/product_tag?post=47858"}],"curies":[{"name":"wp","href":"https:\/\/api.w.org\/{rel}","templated":true}]}}