{"id":48009,"date":"2026-04-24T00:02:02","date_gmt":"2026-04-23T21:02:02","guid":{"rendered":"https:\/\/rezekne.citro.lv\/veikals\/deserts-jeppi-ar-krema-brule-garsas-pild-38g\/"},"modified":"2026-05-17T06:25:25","modified_gmt":"2026-05-17T03:25:25","slug":"deserts-jeppi-ar-krema-brule-garsas-pild-38g","status":"publish","type":"product","link":"https:\/\/rezekne.citro.lv\/ru\/product\/deserts-jeppi-ar-krema-brule-garsas-pild-38g\/","title":{"rendered":"BIEZPIENA SIERI\u0145\u0160 JEPPI AR KR\u0112MA BRUL\u0112 GAR\u0160AS PILD. 38G"},"content":{"rendered":"","protected":false},"excerpt":{"rendered":"<p>6.05 \u20ac\/KG<\/p>\n","protected":false},"featured_media":48047,"template":"","meta":{"_acf_changed":false,"inline_featured_image":false},"product_cat":[95,188],"product_tag":[],"acf":[],"aioseo_notices":[],"_links":{"self":[{"href":"https:\/\/rezekne.citro.lv\/ru\/wp-json\/wp\/v2\/product\/48009"}],"collection":[{"href":"https:\/\/rezekne.citro.lv\/ru\/wp-json\/wp\/v2\/product"}],"about":[{"href":"https:\/\/rezekne.citro.lv\/ru\/wp-json\/wp\/v2\/types\/product"}],"wp:featuredmedia":[{"embeddable":true,"href":"https:\/\/rezekne.citro.lv\/ru\/wp-json\/wp\/v2\/media\/48047"}],"wp:attachment":[{"href":"https:\/\/rezekne.citro.lv\/ru\/wp-json\/wp\/v2\/media?parent=48009"}],"wp:term":[{"taxonomy":"product_cat","embeddable":true,"href":"https:\/\/rezekne.citro.lv\/ru\/wp-json\/wp\/v2\/product_cat?post=48009"},{"taxonomy":"product_tag","embeddable":true,"href":"https:\/\/rezekne.citro.lv\/ru\/wp-json\/wp\/v2\/product_tag?post=48009"}],"curies":[{"name":"wp","href":"https:\/\/api.w.org\/{rel}","templated":true}]}}