{"id":48073,"date":"2025-11-05T00:02:04","date_gmt":"2025-11-04T22:02:04","guid":{"rendered":"https:\/\/rezekne.citro.lv\/veikals\/silke-fileja-matje-ella-latgalu-gaume-200g-130g-oniors\/"},"modified":"2025-11-05T00:02:07","modified_gmt":"2025-11-04T22:02:07","slug":"silke-fileja-matje-ella-latgalu-gaume-200g-130g-oniors","status":"publish","type":"product","link":"https:\/\/rezekne.citro.lv\/ru\/product\/silke-fileja-matje-ella-latgalu-gaume-200g-130g-oniors\/","title":{"rendered":"SI\u013b\u0136E FILEJA MATJE E\u013b\u013b\u0100 LATGA\u013bU GAUM\u0112 200G\/130G ONIORS"},"content":{"rendered":"<p>Izcelsmes valsts: Latvija<\/p>\n","protected":false},"excerpt":{"rendered":"<p>15.31 \u20ac\/KG<\/p>\n","protected":false},"featured_media":49364,"template":"","meta":{"_acf_changed":false,"inline_featured_image":false},"product_cat":[135,136],"product_tag":[],"acf":[],"aioseo_notices":[],"_links":{"self":[{"href":"https:\/\/rezekne.citro.lv\/ru\/wp-json\/wp\/v2\/product\/48073"}],"collection":[{"href":"https:\/\/rezekne.citro.lv\/ru\/wp-json\/wp\/v2\/product"}],"about":[{"href":"https:\/\/rezekne.citro.lv\/ru\/wp-json\/wp\/v2\/types\/product"}],"wp:featuredmedia":[{"embeddable":true,"href":"https:\/\/rezekne.citro.lv\/ru\/wp-json\/wp\/v2\/media\/49364"}],"wp:attachment":[{"href":"https:\/\/rezekne.citro.lv\/ru\/wp-json\/wp\/v2\/media?parent=48073"}],"wp:term":[{"taxonomy":"product_cat","embeddable":true,"href":"https:\/\/rezekne.citro.lv\/ru\/wp-json\/wp\/v2\/product_cat?post=48073"},{"taxonomy":"product_tag","embeddable":true,"href":"https:\/\/rezekne.citro.lv\/ru\/wp-json\/wp\/v2\/product_tag?post=48073"}],"curies":[{"name":"wp","href":"https:\/\/api.w.org\/{rel}","templated":true}]}}