{"id":48085,"date":"2024-08-27T11:15:58","date_gmt":"2024-08-27T08:15:58","guid":{"rendered":"https:\/\/rezekne.citro.lv\/veikals\/silku-filejas-gab-saldskaba-marinade-selga-400g-liedags\/"},"modified":"2026-04-19T06:12:10","modified_gmt":"2026-04-19T03:12:10","slug":"silku-filejas-gab-saldskaba-marinade-selga-400g-liedags","status":"publish","type":"product","link":"https:\/\/rezekne.citro.lv\/ru\/product\/silku-filejas-gab-saldskaba-marinade-selga-400g-liedags\/","title":{"rendered":"SI\u013b\u0136U FILEJAS GAB. SALDSK\u0100B\u0100 MARIN\u0100D\u0112 SELGA 400G LIEDAGS"},"content":{"rendered":"<p>Izcelsmes valsts: Latvija<\/p>\n","protected":false},"excerpt":{"rendered":"<p>6.73 \u20ac\/KG<\/p>\n","protected":false},"featured_media":48324,"template":"","meta":{"_acf_changed":false,"inline_featured_image":false},"product_cat":[135,136],"product_tag":[],"acf":[],"aioseo_notices":[],"_links":{"self":[{"href":"https:\/\/rezekne.citro.lv\/ru\/wp-json\/wp\/v2\/product\/48085"}],"collection":[{"href":"https:\/\/rezekne.citro.lv\/ru\/wp-json\/wp\/v2\/product"}],"about":[{"href":"https:\/\/rezekne.citro.lv\/ru\/wp-json\/wp\/v2\/types\/product"}],"wp:featuredmedia":[{"embeddable":true,"href":"https:\/\/rezekne.citro.lv\/ru\/wp-json\/wp\/v2\/media\/48324"}],"wp:attachment":[{"href":"https:\/\/rezekne.citro.lv\/ru\/wp-json\/wp\/v2\/media?parent=48085"}],"wp:term":[{"taxonomy":"product_cat","embeddable":true,"href":"https:\/\/rezekne.citro.lv\/ru\/wp-json\/wp\/v2\/product_cat?post=48085"},{"taxonomy":"product_tag","embeddable":true,"href":"https:\/\/rezekne.citro.lv\/ru\/wp-json\/wp\/v2\/product_tag?post=48085"}],"curies":[{"name":"wp","href":"https:\/\/api.w.org\/{rel}","templated":true}]}}