{"id":48090,"date":"2026-03-26T01:03:48","date_gmt":"2026-03-25T23:03:48","guid":{"rendered":"https:\/\/rezekne.citro.lv\/veikals\/panetas-krabju-spiles-surimi-saldeti-vici-250g\/"},"modified":"2026-03-26T06:27:34","modified_gmt":"2026-03-26T04:27:34","slug":"panetas-krabju-spiles-surimi-saldeti-vici-250g","status":"publish","type":"product","link":"https:\/\/rezekne.citro.lv\/ru\/product\/panetas-krabju-spiles-surimi-saldeti-vici-250g\/","title":{"rendered":"PAN\u0112TAS KRABJU SP\u012aLES SURIMI SALD\u0112TI VI\u010cI 250G"},"content":{"rendered":"<p>Izcelsmes valsts: Lietuva<\/p>\n","protected":false},"excerpt":{"rendered":"<p>14.76 \u20ac\/KG<\/p>\n","protected":false},"featured_media":14976,"template":"","meta":{"_acf_changed":false,"inline_featured_image":false},"product_cat":[231,232],"product_tag":[],"acf":[],"aioseo_notices":[],"_links":{"self":[{"href":"https:\/\/rezekne.citro.lv\/ru\/wp-json\/wp\/v2\/product\/48090"}],"collection":[{"href":"https:\/\/rezekne.citro.lv\/ru\/wp-json\/wp\/v2\/product"}],"about":[{"href":"https:\/\/rezekne.citro.lv\/ru\/wp-json\/wp\/v2\/types\/product"}],"wp:featuredmedia":[{"embeddable":true,"href":"https:\/\/rezekne.citro.lv\/ru\/wp-json\/wp\/v2\/media\/14976"}],"wp:attachment":[{"href":"https:\/\/rezekne.citro.lv\/ru\/wp-json\/wp\/v2\/media?parent=48090"}],"wp:term":[{"taxonomy":"product_cat","embeddable":true,"href":"https:\/\/rezekne.citro.lv\/ru\/wp-json\/wp\/v2\/product_cat?post=48090"},{"taxonomy":"product_tag","embeddable":true,"href":"https:\/\/rezekne.citro.lv\/ru\/wp-json\/wp\/v2\/product_tag?post=48090"}],"curies":[{"name":"wp","href":"https:\/\/api.w.org\/{rel}","templated":true}]}}