{"id":48122,"date":"2026-01-15T00:16:09","date_gmt":"2026-01-14T22:16:09","guid":{"rendered":"https:\/\/rezekne.citro.lv\/veikals\/annele-paninas-raudzetas-ar-avenem-un-lins-500g\/"},"modified":"2026-04-05T06:27:44","modified_gmt":"2026-04-05T03:27:44","slug":"annele-paninas-raudzetas-ar-avenem-un-lins-500g","status":"publish","type":"product","link":"https:\/\/rezekne.citro.lv\/ru\/product\/annele-paninas-raudzetas-ar-avenem-un-lins-500g\/","title":{"rendered":"ANNELE PANI\u0145AS RAUDZ\u0112TAS AR AVEN\u0112M UN LINS. 500G"},"content":{"rendered":"<p>Izcelsmes valsts: Lietuva<\/p>\n","protected":false},"excerpt":{"rendered":"<p>2.58 \u20ac\/KG<\/p>\n","protected":false},"featured_media":48187,"template":"","meta":{"_acf_changed":false,"inline_featured_image":false},"product_cat":[95,531],"product_tag":[],"acf":[],"aioseo_notices":[],"_links":{"self":[{"href":"https:\/\/rezekne.citro.lv\/ru\/wp-json\/wp\/v2\/product\/48122"}],"collection":[{"href":"https:\/\/rezekne.citro.lv\/ru\/wp-json\/wp\/v2\/product"}],"about":[{"href":"https:\/\/rezekne.citro.lv\/ru\/wp-json\/wp\/v2\/types\/product"}],"wp:featuredmedia":[{"embeddable":true,"href":"https:\/\/rezekne.citro.lv\/ru\/wp-json\/wp\/v2\/media\/48187"}],"wp:attachment":[{"href":"https:\/\/rezekne.citro.lv\/ru\/wp-json\/wp\/v2\/media?parent=48122"}],"wp:term":[{"taxonomy":"product_cat","embeddable":true,"href":"https:\/\/rezekne.citro.lv\/ru\/wp-json\/wp\/v2\/product_cat?post=48122"},{"taxonomy":"product_tag","embeddable":true,"href":"https:\/\/rezekne.citro.lv\/ru\/wp-json\/wp\/v2\/product_tag?post=48122"}],"curies":[{"name":"wp","href":"https:\/\/api.w.org\/{rel}","templated":true}]}}