{"id":48123,"date":"2026-01-15T00:16:09","date_gmt":"2026-01-14T22:16:09","guid":{"rendered":"https:\/\/rezekne.citro.lv\/veikals\/paninas-raudzetas-annele-ar-zav-plumem-un-cia-sekl-0-4-0-5l\/"},"modified":"2026-04-06T06:26:10","modified_gmt":"2026-04-06T03:26:10","slug":"paninas-raudzetas-annele-ar-zav-plumem-un-cia-sekl-0-4-0-5l","status":"publish","type":"product","link":"https:\/\/rezekne.citro.lv\/ru\/product\/paninas-raudzetas-annele-ar-zav-plumem-un-cia-sekl-0-4-0-5l\/","title":{"rendered":"PANI\u0145AS RAUDZ\u0112TAS ANNELE AR \u017d\u0100V.PL\u016aM\u0112M UN \u010cIA SEKL.0.4% 0.5L"},"content":{"rendered":"<p>Izcelsmes valsts: Lietuva<\/p>\n","protected":false},"excerpt":{"rendered":"<p>2.58 \u20ac\/L<\/p>\n","protected":false},"featured_media":48188,"template":"","meta":{"_acf_changed":false,"inline_featured_image":false},"product_cat":[95,531],"product_tag":[],"acf":[],"aioseo_notices":[],"_links":{"self":[{"href":"https:\/\/rezekne.citro.lv\/ru\/wp-json\/wp\/v2\/product\/48123"}],"collection":[{"href":"https:\/\/rezekne.citro.lv\/ru\/wp-json\/wp\/v2\/product"}],"about":[{"href":"https:\/\/rezekne.citro.lv\/ru\/wp-json\/wp\/v2\/types\/product"}],"wp:featuredmedia":[{"embeddable":true,"href":"https:\/\/rezekne.citro.lv\/ru\/wp-json\/wp\/v2\/media\/48188"}],"wp:attachment":[{"href":"https:\/\/rezekne.citro.lv\/ru\/wp-json\/wp\/v2\/media?parent=48123"}],"wp:term":[{"taxonomy":"product_cat","embeddable":true,"href":"https:\/\/rezekne.citro.lv\/ru\/wp-json\/wp\/v2\/product_cat?post=48123"},{"taxonomy":"product_tag","embeddable":true,"href":"https:\/\/rezekne.citro.lv\/ru\/wp-json\/wp\/v2\/product_tag?post=48123"}],"curies":[{"name":"wp","href":"https:\/\/api.w.org\/{rel}","templated":true}]}}