{"id":48125,"date":"2026-02-02T00:02:05","date_gmt":"2026-02-01T22:02:05","guid":{"rendered":"https:\/\/rezekne.citro.lv\/veikals\/bretlinas-ceptas-tomatu-merce-liedags-330g\/"},"modified":"2026-02-02T00:02:08","modified_gmt":"2026-02-01T22:02:08","slug":"bretlinas-ceptas-tomatu-merce-liedags-330g","status":"publish","type":"product","link":"https:\/\/rezekne.citro.lv\/ru\/product\/bretlinas-ceptas-tomatu-merce-liedags-330g\/","title":{"rendered":"BR\u0112TLI\u0145AS CEPTAS TOM\u0100TU M\u0112RC\u0112 LIEDAGS 330G"},"content":{"rendered":"<p>Izcelsmes valsts: Latvija<\/p>\n","protected":false},"excerpt":{"rendered":"<p>7.24 \u20ac\/KG<\/p>\n","protected":false},"featured_media":48184,"template":"","meta":{"_acf_changed":false,"inline_featured_image":false},"product_cat":[135,136],"product_tag":[],"acf":[],"aioseo_notices":[],"_links":{"self":[{"href":"https:\/\/rezekne.citro.lv\/ru\/wp-json\/wp\/v2\/product\/48125"}],"collection":[{"href":"https:\/\/rezekne.citro.lv\/ru\/wp-json\/wp\/v2\/product"}],"about":[{"href":"https:\/\/rezekne.citro.lv\/ru\/wp-json\/wp\/v2\/types\/product"}],"wp:featuredmedia":[{"embeddable":true,"href":"https:\/\/rezekne.citro.lv\/ru\/wp-json\/wp\/v2\/media\/48184"}],"wp:attachment":[{"href":"https:\/\/rezekne.citro.lv\/ru\/wp-json\/wp\/v2\/media?parent=48125"}],"wp:term":[{"taxonomy":"product_cat","embeddable":true,"href":"https:\/\/rezekne.citro.lv\/ru\/wp-json\/wp\/v2\/product_cat?post=48125"},{"taxonomy":"product_tag","embeddable":true,"href":"https:\/\/rezekne.citro.lv\/ru\/wp-json\/wp\/v2\/product_tag?post=48125"}],"curies":[{"name":"wp","href":"https:\/\/api.w.org\/{rel}","templated":true}]}}