{"id":48127,"date":"2026-03-26T01:04:27","date_gmt":"2026-03-25T23:04:27","guid":{"rendered":"https:\/\/rezekne.citro.lv\/veikals\/desa-varita-viegli-kupinata-550g-baltugn\/"},"modified":"2026-04-29T06:13:32","modified_gmt":"2026-04-29T03:13:32","slug":"desa-varita-viegli-kupinata-550g","status":"publish","type":"product","link":"https:\/\/rezekne.citro.lv\/ru\/product\/desa-varita-viegli-kupinata-550g\/","title":{"rendered":"DESA V\u0100R\u012aTA VIEGLI K\u016aPIN\u0100TA 550G"},"content":{"rendered":"<p>Izcelsmes valsts: Lietuva<\/p>\n","protected":false},"excerpt":{"rendered":"<p>7.25 \u20ac\/KG<\/p>\n","protected":false},"featured_media":48180,"template":"","meta":{"_acf_changed":false,"inline_featured_image":false},"product_cat":[135,144],"product_tag":[],"acf":[],"aioseo_notices":[],"_links":{"self":[{"href":"https:\/\/rezekne.citro.lv\/ru\/wp-json\/wp\/v2\/product\/48127"}],"collection":[{"href":"https:\/\/rezekne.citro.lv\/ru\/wp-json\/wp\/v2\/product"}],"about":[{"href":"https:\/\/rezekne.citro.lv\/ru\/wp-json\/wp\/v2\/types\/product"}],"wp:featuredmedia":[{"embeddable":true,"href":"https:\/\/rezekne.citro.lv\/ru\/wp-json\/wp\/v2\/media\/48180"}],"wp:attachment":[{"href":"https:\/\/rezekne.citro.lv\/ru\/wp-json\/wp\/v2\/media?parent=48127"}],"wp:term":[{"taxonomy":"product_cat","embeddable":true,"href":"https:\/\/rezekne.citro.lv\/ru\/wp-json\/wp\/v2\/product_cat?post=48127"},{"taxonomy":"product_tag","embeddable":true,"href":"https:\/\/rezekne.citro.lv\/ru\/wp-json\/wp\/v2\/product_tag?post=48127"}],"curies":[{"name":"wp","href":"https:\/\/api.w.org\/{rel}","templated":true}]}}