{"id":48130,"date":"2026-04-23T01:03:19","date_gmt":"2026-04-22T22:03:19","guid":{"rendered":"https:\/\/rezekne.citro.lv\/veikals\/desa-piena-poliamida-330g-nakotne\/"},"modified":"2026-05-13T06:26:34","modified_gmt":"2026-05-13T03:26:34","slug":"desa-piena-poliamida-330g-nakotne","status":"publish","type":"product","link":"https:\/\/rezekne.citro.lv\/ru\/product\/desa-piena-poliamida-330g-nakotne\/","title":{"rendered":"DESA PIENA POLIAM\u012aD\u0100 330G N\u0100KOTNE"},"content":{"rendered":"<p>Izcelsmes valsts: Latvija<\/p>\n","protected":false},"excerpt":{"rendered":"<p>5.12 \u20ac\/KG<\/p>\n","protected":false},"featured_media":48179,"template":"","meta":{"_acf_changed":false,"inline_featured_image":false},"product_cat":[135,144],"product_tag":[],"acf":[],"aioseo_notices":[],"_links":{"self":[{"href":"https:\/\/rezekne.citro.lv\/ru\/wp-json\/wp\/v2\/product\/48130"}],"collection":[{"href":"https:\/\/rezekne.citro.lv\/ru\/wp-json\/wp\/v2\/product"}],"about":[{"href":"https:\/\/rezekne.citro.lv\/ru\/wp-json\/wp\/v2\/types\/product"}],"wp:featuredmedia":[{"embeddable":true,"href":"https:\/\/rezekne.citro.lv\/ru\/wp-json\/wp\/v2\/media\/48179"}],"wp:attachment":[{"href":"https:\/\/rezekne.citro.lv\/ru\/wp-json\/wp\/v2\/media?parent=48130"}],"wp:term":[{"taxonomy":"product_cat","embeddable":true,"href":"https:\/\/rezekne.citro.lv\/ru\/wp-json\/wp\/v2\/product_cat?post=48130"},{"taxonomy":"product_tag","embeddable":true,"href":"https:\/\/rezekne.citro.lv\/ru\/wp-json\/wp\/v2\/product_tag?post=48130"}],"curies":[{"name":"wp","href":"https:\/\/api.w.org\/{rel}","templated":true}]}}