{"id":48146,"date":"2026-04-23T01:31:56","date_gmt":"2026-04-22T22:31:56","guid":{"rendered":"https:\/\/rezekne.citro.lv\/veikals\/kartupelu-daivinas-pati-parts-aviko-saldetas-600g\/"},"modified":"2026-05-13T06:28:21","modified_gmt":"2026-05-13T03:28:21","slug":"kartupelu-daivinas-pati-parts-aviko-saldetas-600g","status":"publish","type":"product","link":"https:\/\/rezekne.citro.lv\/ru\/product\/kartupelu-daivinas-pati-parts-aviko-saldetas-600g\/","title":{"rendered":"KARTUPE\u013bU DAIVI\u0145AS PATI PARTS AVIKO SALD\u0112TAS 600G"},"content":{"rendered":"<p>Izcelsmes valsts: N\u012bderlande<\/p>\n","protected":false},"excerpt":{"rendered":"<p>4.65 \u20ac\/KG<\/p>\n","protected":false},"featured_media":18289,"template":"","meta":{"_acf_changed":false,"inline_featured_image":false},"product_cat":[231,232],"product_tag":[],"acf":[],"aioseo_notices":[],"_links":{"self":[{"href":"https:\/\/rezekne.citro.lv\/ru\/wp-json\/wp\/v2\/product\/48146"}],"collection":[{"href":"https:\/\/rezekne.citro.lv\/ru\/wp-json\/wp\/v2\/product"}],"about":[{"href":"https:\/\/rezekne.citro.lv\/ru\/wp-json\/wp\/v2\/types\/product"}],"wp:featuredmedia":[{"embeddable":true,"href":"https:\/\/rezekne.citro.lv\/ru\/wp-json\/wp\/v2\/media\/18289"}],"wp:attachment":[{"href":"https:\/\/rezekne.citro.lv\/ru\/wp-json\/wp\/v2\/media?parent=48146"}],"wp:term":[{"taxonomy":"product_cat","embeddable":true,"href":"https:\/\/rezekne.citro.lv\/ru\/wp-json\/wp\/v2\/product_cat?post=48146"},{"taxonomy":"product_tag","embeddable":true,"href":"https:\/\/rezekne.citro.lv\/ru\/wp-json\/wp\/v2\/product_tag?post=48146"}],"curies":[{"name":"wp","href":"https:\/\/api.w.org\/{rel}","templated":true}]}}