{"id":48214,"date":"2026-03-26T01:16:37","date_gmt":"2026-03-25T23:16:37","guid":{"rendered":"https:\/\/rezekne.citro.lv\/veikals\/merce-saldskaba-jamar-520g\/"},"modified":"2026-04-15T06:13:40","modified_gmt":"2026-04-15T03:13:40","slug":"merce-saldskaba-jamar-520g","status":"publish","type":"product","link":"https:\/\/rezekne.citro.lv\/ru\/product\/merce-saldskaba-jamar-520g\/","title":{"rendered":"M\u0112RCE SALDSK\u0100B\u0100 JAMAR 520G"},"content":{"rendered":"<p>Izcelsmes valsts: Polija<\/p>\n","protected":false},"excerpt":{"rendered":"<p>3.83 \u20ac\/L<\/p>\n","protected":false},"featured_media":19308,"template":"","meta":{"_acf_changed":false,"inline_featured_image":false},"product_cat":[116,533],"product_tag":[],"acf":[],"aioseo_notices":[],"_links":{"self":[{"href":"https:\/\/rezekne.citro.lv\/ru\/wp-json\/wp\/v2\/product\/48214"}],"collection":[{"href":"https:\/\/rezekne.citro.lv\/ru\/wp-json\/wp\/v2\/product"}],"about":[{"href":"https:\/\/rezekne.citro.lv\/ru\/wp-json\/wp\/v2\/types\/product"}],"wp:featuredmedia":[{"embeddable":true,"href":"https:\/\/rezekne.citro.lv\/ru\/wp-json\/wp\/v2\/media\/19308"}],"wp:attachment":[{"href":"https:\/\/rezekne.citro.lv\/ru\/wp-json\/wp\/v2\/media?parent=48214"}],"wp:term":[{"taxonomy":"product_cat","embeddable":true,"href":"https:\/\/rezekne.citro.lv\/ru\/wp-json\/wp\/v2\/product_cat?post=48214"},{"taxonomy":"product_tag","embeddable":true,"href":"https:\/\/rezekne.citro.lv\/ru\/wp-json\/wp\/v2\/product_tag?post=48214"}],"curies":[{"name":"wp","href":"https:\/\/api.w.org\/{rel}","templated":true}]}}