{"id":48227,"date":"2026-05-07T00:15:28","date_gmt":"2026-05-06T21:15:28","guid":{"rendered":"https:\/\/rezekne.citro.lv\/veikals\/miltu-mais-pankukas-planas-dobele-400g\/"},"modified":"2026-05-14T06:26:33","modified_gmt":"2026-05-14T03:26:33","slug":"miltu-mais-pankukas-planas-dobele-400g","status":"publish","type":"product","link":"https:\/\/rezekne.citro.lv\/ru\/product\/miltu-mais-pankukas-planas-dobele-400g\/","title":{"rendered":"MILTU MAIS. PANK\u016aKAS PL\u0100N\u0100S DOBELE 400G"},"content":{"rendered":"<p>Izcelsmes valsts: Latvija<\/p>\n","protected":false},"excerpt":{"rendered":"<p>3.13 \u20ac\/KG<\/p>\n","protected":false},"featured_media":48271,"template":"","meta":{"_acf_changed":false,"inline_featured_image":false},"product_cat":[118,120],"product_tag":[],"acf":[],"aioseo_notices":[],"_links":{"self":[{"href":"https:\/\/rezekne.citro.lv\/ru\/wp-json\/wp\/v2\/product\/48227"}],"collection":[{"href":"https:\/\/rezekne.citro.lv\/ru\/wp-json\/wp\/v2\/product"}],"about":[{"href":"https:\/\/rezekne.citro.lv\/ru\/wp-json\/wp\/v2\/types\/product"}],"wp:featuredmedia":[{"embeddable":true,"href":"https:\/\/rezekne.citro.lv\/ru\/wp-json\/wp\/v2\/media\/48271"}],"wp:attachment":[{"href":"https:\/\/rezekne.citro.lv\/ru\/wp-json\/wp\/v2\/media?parent=48227"}],"wp:term":[{"taxonomy":"product_cat","embeddable":true,"href":"https:\/\/rezekne.citro.lv\/ru\/wp-json\/wp\/v2\/product_cat?post=48227"},{"taxonomy":"product_tag","embeddable":true,"href":"https:\/\/rezekne.citro.lv\/ru\/wp-json\/wp\/v2\/product_tag?post=48227"}],"curies":[{"name":"wp","href":"https:\/\/api.w.org\/{rel}","templated":true}]}}