{"id":48360,"date":"2026-04-23T00:47:11","date_gmt":"2026-04-22T21:47:11","guid":{"rendered":"https:\/\/rezekne.citro.lv\/veikals\/karameles-piparmetru-laima-kg\/"},"modified":"2026-05-02T06:25:28","modified_gmt":"2026-05-02T03:25:28","slug":"karameles-piparmetru-laima-kg","status":"publish","type":"product","link":"https:\/\/rezekne.citro.lv\/ru\/product\/karameles-piparmetru-laima-kg\/","title":{"rendered":"KARAMELES PIPARM\u0112TRU LAIMA KG"},"content":{"rendered":"<p>Izcelsmes valsts: Igaunija<br \/>Sast\u0101vs:glikozes s\u012brups,cukurs,piparm\u0113tru e\u013c\u013ca 0,06%,kr\u0101sviela hlorofil\u012bnu vara kompleksi. 100g produkta satur: ener\u0123\u0113tisk\u0101 v\u0113rt\u012bba-1615kJ\/380kcal,tauki-0g,tostarp pies\u0101tin\u0101t\u0101s tauksk\u0101bes-0g,og\u013chidr\u0101ti-95g,tostarp cukuri-61g,olbaltumvielas-0g,s\u0101ls-0.01g. Uzglab\u0101t saus\u0101 un v\u0113s\u0101 viet\u0101 +18 &#8212; +3C. Ra\u017eots: Latvija, AS&#187;Laima&#187;<\/p>\n","protected":false},"excerpt":{"rendered":"<p>5.59 \u20ac\/KG<\/p>\n","protected":false},"featured_media":48458,"template":"","meta":{"_acf_changed":false,"inline_featured_image":false},"product_cat":[125,201],"product_tag":[],"acf":[],"aioseo_notices":[],"_links":{"self":[{"href":"https:\/\/rezekne.citro.lv\/ru\/wp-json\/wp\/v2\/product\/48360"}],"collection":[{"href":"https:\/\/rezekne.citro.lv\/ru\/wp-json\/wp\/v2\/product"}],"about":[{"href":"https:\/\/rezekne.citro.lv\/ru\/wp-json\/wp\/v2\/types\/product"}],"wp:featuredmedia":[{"embeddable":true,"href":"https:\/\/rezekne.citro.lv\/ru\/wp-json\/wp\/v2\/media\/48458"}],"wp:attachment":[{"href":"https:\/\/rezekne.citro.lv\/ru\/wp-json\/wp\/v2\/media?parent=48360"}],"wp:term":[{"taxonomy":"product_cat","embeddable":true,"href":"https:\/\/rezekne.citro.lv\/ru\/wp-json\/wp\/v2\/product_cat?post=48360"},{"taxonomy":"product_tag","embeddable":true,"href":"https:\/\/rezekne.citro.lv\/ru\/wp-json\/wp\/v2\/product_tag?post=48360"}],"curies":[{"name":"wp","href":"https:\/\/api.w.org\/{rel}","templated":true}]}}