{"id":48367,"date":"2026-04-23T01:02:49","date_gmt":"2026-04-22T22:02:49","guid":{"rendered":"https:\/\/rezekne.citro.lv\/veikals\/teja-mozums-kumelisu-20x1g\/"},"modified":"2026-05-14T06:27:44","modified_gmt":"2026-05-14T03:27:44","slug":"teja-mozums-kumelisu-20x1g","status":"publish","type":"product","link":"https:\/\/rezekne.citro.lv\/ru\/product\/teja-mozums-kumelisu-20x1g\/","title":{"rendered":"T\u0112JA MO\u017dUMS KUMEL\u012a\u0160U 20X1G"},"content":{"rendered":"<p>Izcelsmes valsts: Polija<\/p>\n","protected":false},"excerpt":{"rendered":"<p>37.50 \u20ac\/KG<\/p>\n","protected":false},"featured_media":48466,"template":"","meta":{"_acf_changed":false,"inline_featured_image":false},"product_cat":[142,143],"product_tag":[],"acf":[],"aioseo_notices":[],"_links":{"self":[{"href":"https:\/\/rezekne.citro.lv\/ru\/wp-json\/wp\/v2\/product\/48367"}],"collection":[{"href":"https:\/\/rezekne.citro.lv\/ru\/wp-json\/wp\/v2\/product"}],"about":[{"href":"https:\/\/rezekne.citro.lv\/ru\/wp-json\/wp\/v2\/types\/product"}],"wp:featuredmedia":[{"embeddable":true,"href":"https:\/\/rezekne.citro.lv\/ru\/wp-json\/wp\/v2\/media\/48466"}],"wp:attachment":[{"href":"https:\/\/rezekne.citro.lv\/ru\/wp-json\/wp\/v2\/media?parent=48367"}],"wp:term":[{"taxonomy":"product_cat","embeddable":true,"href":"https:\/\/rezekne.citro.lv\/ru\/wp-json\/wp\/v2\/product_cat?post=48367"},{"taxonomy":"product_tag","embeddable":true,"href":"https:\/\/rezekne.citro.lv\/ru\/wp-json\/wp\/v2\/product_tag?post=48367"}],"curies":[{"name":"wp","href":"https:\/\/api.w.org\/{rel}","templated":true}]}}