{"id":48368,"date":"2026-03-26T01:01:22","date_gmt":"2026-03-25T23:01:22","guid":{"rendered":"https:\/\/rezekne.citro.lv\/veikals\/teja-mozums-karkade-ar-virviti-maisinos-30g\/"},"modified":"2026-05-11T06:11:12","modified_gmt":"2026-05-11T03:11:12","slug":"teja-mozums-karkade-ar-virviti-maisinos-30g","status":"publish","type":"product","link":"https:\/\/rezekne.citro.lv\/ru\/product\/teja-mozums-karkade-ar-virviti-maisinos-30g\/","title":{"rendered":"T\u0112JA MO\u017dUMS KARK\u0100DE AR VIRV\u012aTI MAISI\u0145OS 30G"},"content":{"rendered":"<p>Izcelsmes valsts: Polija<\/p>\n","protected":false},"excerpt":{"rendered":"<p>39.67 \u20ac\/KG<\/p>\n","protected":false},"featured_media":48465,"template":"","meta":{"_acf_changed":false,"inline_featured_image":false},"product_cat":[142,143],"product_tag":[],"acf":[],"aioseo_notices":[],"_links":{"self":[{"href":"https:\/\/rezekne.citro.lv\/ru\/wp-json\/wp\/v2\/product\/48368"}],"collection":[{"href":"https:\/\/rezekne.citro.lv\/ru\/wp-json\/wp\/v2\/product"}],"about":[{"href":"https:\/\/rezekne.citro.lv\/ru\/wp-json\/wp\/v2\/types\/product"}],"wp:featuredmedia":[{"embeddable":true,"href":"https:\/\/rezekne.citro.lv\/ru\/wp-json\/wp\/v2\/media\/48465"}],"wp:attachment":[{"href":"https:\/\/rezekne.citro.lv\/ru\/wp-json\/wp\/v2\/media?parent=48368"}],"wp:term":[{"taxonomy":"product_cat","embeddable":true,"href":"https:\/\/rezekne.citro.lv\/ru\/wp-json\/wp\/v2\/product_cat?post=48368"},{"taxonomy":"product_tag","embeddable":true,"href":"https:\/\/rezekne.citro.lv\/ru\/wp-json\/wp\/v2\/product_tag?post=48368"}],"curies":[{"name":"wp","href":"https:\/\/api.w.org\/{rel}","templated":true}]}}