{"id":48369,"date":"2026-04-23T01:02:49","date_gmt":"2026-04-22T22:02:49","guid":{"rendered":"https:\/\/rezekne.citro.lv\/veikals\/teja-mozums-dzervene-avene-ar-virviti-maisinos-30g\/"},"modified":"2026-05-02T06:27:08","modified_gmt":"2026-05-02T03:27:08","slug":"teja-mozums-dzervene-avene-ar-virviti-maisinos-30g","status":"publish","type":"product","link":"https:\/\/rezekne.citro.lv\/ru\/product\/teja-mozums-dzervene-avene-ar-virviti-maisinos-30g\/","title":{"rendered":"T\u0112JA MO\u017dUMS DZ\u0112RVENE-AVENE AR VIRV\u012aTI MAISI\u0145OS 30G"},"content":{"rendered":"<p>Izcelsmes valsts: Polija<\/p>\n","protected":false},"excerpt":{"rendered":"<p>26.33 \u20ac\/KG<\/p>\n","protected":false},"featured_media":48467,"template":"","meta":{"_acf_changed":false,"inline_featured_image":false},"product_cat":[142,143],"product_tag":[],"acf":[],"aioseo_notices":[],"_links":{"self":[{"href":"https:\/\/rezekne.citro.lv\/ru\/wp-json\/wp\/v2\/product\/48369"}],"collection":[{"href":"https:\/\/rezekne.citro.lv\/ru\/wp-json\/wp\/v2\/product"}],"about":[{"href":"https:\/\/rezekne.citro.lv\/ru\/wp-json\/wp\/v2\/types\/product"}],"wp:featuredmedia":[{"embeddable":true,"href":"https:\/\/rezekne.citro.lv\/ru\/wp-json\/wp\/v2\/media\/48467"}],"wp:attachment":[{"href":"https:\/\/rezekne.citro.lv\/ru\/wp-json\/wp\/v2\/media?parent=48369"}],"wp:term":[{"taxonomy":"product_cat","embeddable":true,"href":"https:\/\/rezekne.citro.lv\/ru\/wp-json\/wp\/v2\/product_cat?post=48369"},{"taxonomy":"product_tag","embeddable":true,"href":"https:\/\/rezekne.citro.lv\/ru\/wp-json\/wp\/v2\/product_tag?post=48369"}],"curies":[{"name":"wp","href":"https:\/\/api.w.org\/{rel}","templated":true}]}}