{"id":48375,"date":"2026-02-26T01:03:21","date_gmt":"2026-02-25T23:03:21","guid":{"rendered":"https:\/\/rezekne.citro.lv\/veikals\/bariba-suniem-sausa-friskies-funtastix-gardums-175g\/"},"modified":"2026-04-19T06:14:16","modified_gmt":"2026-04-19T03:14:16","slug":"bariba-suniem-sausa-friskies-funtastix-gardums-175g","status":"publish","type":"product","link":"https:\/\/rezekne.citro.lv\/ru\/product\/bariba-suniem-sausa-friskies-funtastix-gardums-175g\/","title":{"rendered":"BAR\u012aBA SU\u0145IEM SAUS\u0100 FRISKIES FUNTASTIX GARDUMS 175G"},"content":{"rendered":"<p>Izcelsmes valsts: V\u0101cija<\/p>\n","protected":false},"excerpt":{"rendered":"<p>13.09 \u20ac\/KG<\/p>\n","protected":false},"featured_media":48472,"template":"","meta":{"_acf_changed":false,"inline_featured_image":false},"product_cat":[153,154],"product_tag":[],"acf":[],"aioseo_notices":[],"_links":{"self":[{"href":"https:\/\/rezekne.citro.lv\/ru\/wp-json\/wp\/v2\/product\/48375"}],"collection":[{"href":"https:\/\/rezekne.citro.lv\/ru\/wp-json\/wp\/v2\/product"}],"about":[{"href":"https:\/\/rezekne.citro.lv\/ru\/wp-json\/wp\/v2\/types\/product"}],"wp:featuredmedia":[{"embeddable":true,"href":"https:\/\/rezekne.citro.lv\/ru\/wp-json\/wp\/v2\/media\/48472"}],"wp:attachment":[{"href":"https:\/\/rezekne.citro.lv\/ru\/wp-json\/wp\/v2\/media?parent=48375"}],"wp:term":[{"taxonomy":"product_cat","embeddable":true,"href":"https:\/\/rezekne.citro.lv\/ru\/wp-json\/wp\/v2\/product_cat?post=48375"},{"taxonomy":"product_tag","embeddable":true,"href":"https:\/\/rezekne.citro.lv\/ru\/wp-json\/wp\/v2\/product_tag?post=48375"}],"curies":[{"name":"wp","href":"https:\/\/api.w.org\/{rel}","templated":true}]}}