{"id":48383,"date":"2026-04-09T00:18:00","date_gmt":"2026-04-08T21:18:00","guid":{"rendered":"https:\/\/rezekne.citro.lv\/veikals\/nudeles-knorr-ramen-ar-tomatu-garsu-65g\/"},"modified":"2026-04-20T06:14:25","modified_gmt":"2026-04-20T03:14:25","slug":"nudeles-knorr-ramen-ar-tomatu-garsu-65g","status":"publish","type":"product","link":"https:\/\/rezekne.citro.lv\/ru\/product\/nudeles-knorr-ramen-ar-tomatu-garsu-65g\/","title":{"rendered":"N\u016aDELES KNORR RAMEN AR TOM\u0100TU GAR\u0160U 65G"},"content":{"rendered":"<p>Izcelsmes valsts: Polija<\/p>\n","protected":false},"excerpt":{"rendered":"<p>12.15 \u20ac\/KG<\/p>\n","protected":false},"featured_media":48515,"template":"","meta":{"_acf_changed":false,"inline_featured_image":false},"product_cat":[111,138],"product_tag":[],"acf":[],"aioseo_notices":[],"_links":{"self":[{"href":"https:\/\/rezekne.citro.lv\/ru\/wp-json\/wp\/v2\/product\/48383"}],"collection":[{"href":"https:\/\/rezekne.citro.lv\/ru\/wp-json\/wp\/v2\/product"}],"about":[{"href":"https:\/\/rezekne.citro.lv\/ru\/wp-json\/wp\/v2\/types\/product"}],"wp:featuredmedia":[{"embeddable":true,"href":"https:\/\/rezekne.citro.lv\/ru\/wp-json\/wp\/v2\/media\/48515"}],"wp:attachment":[{"href":"https:\/\/rezekne.citro.lv\/ru\/wp-json\/wp\/v2\/media?parent=48383"}],"wp:term":[{"taxonomy":"product_cat","embeddable":true,"href":"https:\/\/rezekne.citro.lv\/ru\/wp-json\/wp\/v2\/product_cat?post=48383"},{"taxonomy":"product_tag","embeddable":true,"href":"https:\/\/rezekne.citro.lv\/ru\/wp-json\/wp\/v2\/product_tag?post=48383"}],"curies":[{"name":"wp","href":"https:\/\/api.w.org\/{rel}","templated":true}]}}