{"id":48408,"date":"2025-04-10T02:23:15","date_gmt":"2025-04-09T23:23:15","guid":{"rendered":"https:\/\/rezekne.citro.lv\/veikals\/biezenis-hipp-tela-gala-ar-darzeniem-190g\/"},"modified":"2025-04-10T02:23:17","modified_gmt":"2025-04-09T23:23:17","slug":"biezenis-hipp-tela-gala-ar-darzeniem-190g","status":"publish","type":"product","link":"https:\/\/rezekne.citro.lv\/ru\/product\/biezenis-hipp-tela-gala-ar-darzeniem-190g\/","title":{"rendered":"BIEZENIS HIPP TE\u013bA GA\u013bA AR D\u0100RZE\u0145IEM 190G"},"content":{"rendered":"<p>Izcelsmes valsts: Ung\u0101rija<\/p>\n","protected":false},"excerpt":{"rendered":"<p>12.58 \u20ac\/KG<\/p>\n","protected":false},"featured_media":8270,"template":"","meta":{"_acf_changed":false,"inline_featured_image":false},"product_cat":[172,173],"product_tag":[],"acf":[],"aioseo_notices":[],"_links":{"self":[{"href":"https:\/\/rezekne.citro.lv\/ru\/wp-json\/wp\/v2\/product\/48408"}],"collection":[{"href":"https:\/\/rezekne.citro.lv\/ru\/wp-json\/wp\/v2\/product"}],"about":[{"href":"https:\/\/rezekne.citro.lv\/ru\/wp-json\/wp\/v2\/types\/product"}],"wp:featuredmedia":[{"embeddable":true,"href":"https:\/\/rezekne.citro.lv\/ru\/wp-json\/wp\/v2\/media\/8270"}],"wp:attachment":[{"href":"https:\/\/rezekne.citro.lv\/ru\/wp-json\/wp\/v2\/media?parent=48408"}],"wp:term":[{"taxonomy":"product_cat","embeddable":true,"href":"https:\/\/rezekne.citro.lv\/ru\/wp-json\/wp\/v2\/product_cat?post=48408"},{"taxonomy":"product_tag","embeddable":true,"href":"https:\/\/rezekne.citro.lv\/ru\/wp-json\/wp\/v2\/product_tag?post=48408"}],"curies":[{"name":"wp","href":"https:\/\/api.w.org\/{rel}","templated":true}]}}