{"id":48417,"date":"2026-03-26T01:03:39","date_gmt":"2026-03-25T23:03:39","guid":{"rendered":"https:\/\/rezekne.citro.lv\/veikals\/bariba-suniem-sausa-canis-major-putra-3kg\/"},"modified":"2026-04-15T06:12:56","modified_gmt":"2026-04-15T03:12:56","slug":"bariba-suniem-sausa-canis-major-putra-3kg","status":"publish","type":"product","link":"https:\/\/rezekne.citro.lv\/ru\/product\/bariba-suniem-sausa-canis-major-putra-3kg\/","title":{"rendered":"BAR\u012aBA SU\u0145IEM SAUS\u0100 CANIS MAJOR PUTRA 3KG"},"content":{"rendered":"<p>Izcelsmes valsts: Lietuva<\/p>\n","protected":false},"excerpt":{"rendered":"<p>2.33 \u20ac\/KG<\/p>\n","protected":false},"featured_media":48434,"template":"","meta":{"_acf_changed":false,"inline_featured_image":false},"product_cat":[153,171],"product_tag":[],"acf":[],"aioseo_notices":[],"_links":{"self":[{"href":"https:\/\/rezekne.citro.lv\/ru\/wp-json\/wp\/v2\/product\/48417"}],"collection":[{"href":"https:\/\/rezekne.citro.lv\/ru\/wp-json\/wp\/v2\/product"}],"about":[{"href":"https:\/\/rezekne.citro.lv\/ru\/wp-json\/wp\/v2\/types\/product"}],"wp:featuredmedia":[{"embeddable":true,"href":"https:\/\/rezekne.citro.lv\/ru\/wp-json\/wp\/v2\/media\/48434"}],"wp:attachment":[{"href":"https:\/\/rezekne.citro.lv\/ru\/wp-json\/wp\/v2\/media?parent=48417"}],"wp:term":[{"taxonomy":"product_cat","embeddable":true,"href":"https:\/\/rezekne.citro.lv\/ru\/wp-json\/wp\/v2\/product_cat?post=48417"},{"taxonomy":"product_tag","embeddable":true,"href":"https:\/\/rezekne.citro.lv\/ru\/wp-json\/wp\/v2\/product_tag?post=48417"}],"curies":[{"name":"wp","href":"https:\/\/api.w.org\/{rel}","templated":true}]}}