{"id":48422,"date":"2025-07-10T12:03:51","date_gmt":"2025-07-10T09:03:51","guid":{"rendered":"https:\/\/rezekne.citro.lv\/veikals\/tirisanas-lidzeklis-pasta-spodra-ar-citrusu-aromatu-350g\/"},"modified":"2026-05-03T06:26:07","modified_gmt":"2026-05-03T03:26:07","slug":"tirisanas-lidzeklis-pasta-spodra-ar-citrusu-aromatu-350g","status":"publish","type":"product","link":"https:\/\/rezekne.citro.lv\/ru\/product\/tirisanas-lidzeklis-pasta-spodra-ar-citrusu-aromatu-350g\/","title":{"rendered":"T\u012aR\u012a\u0160ANAS L\u012aDZEKLIS PASTA SPODRA AR CITRUSU AROM\u0100TU 350G"},"content":{"rendered":"<p>Izcelsmes valsts:<\/p>\n","protected":false},"excerpt":{"rendered":"<p>4.83 \u20ac\/KG<\/p>\n","protected":false},"featured_media":48430,"template":"","meta":{"_acf_changed":false,"inline_featured_image":false},"product_cat":[131,169],"product_tag":[],"acf":[],"aioseo_notices":[],"_links":{"self":[{"href":"https:\/\/rezekne.citro.lv\/ru\/wp-json\/wp\/v2\/product\/48422"}],"collection":[{"href":"https:\/\/rezekne.citro.lv\/ru\/wp-json\/wp\/v2\/product"}],"about":[{"href":"https:\/\/rezekne.citro.lv\/ru\/wp-json\/wp\/v2\/types\/product"}],"wp:featuredmedia":[{"embeddable":true,"href":"https:\/\/rezekne.citro.lv\/ru\/wp-json\/wp\/v2\/media\/48430"}],"wp:attachment":[{"href":"https:\/\/rezekne.citro.lv\/ru\/wp-json\/wp\/v2\/media?parent=48422"}],"wp:term":[{"taxonomy":"product_cat","embeddable":true,"href":"https:\/\/rezekne.citro.lv\/ru\/wp-json\/wp\/v2\/product_cat?post=48422"},{"taxonomy":"product_tag","embeddable":true,"href":"https:\/\/rezekne.citro.lv\/ru\/wp-json\/wp\/v2\/product_tag?post=48422"}],"curies":[{"name":"wp","href":"https:\/\/api.w.org\/{rel}","templated":true}]}}