{"id":48599,"date":"2025-05-22T03:17:54","date_gmt":"2025-05-22T00:17:54","guid":{"rendered":"https:\/\/rezekne.citro.lv\/veikals\/lekon-deserts-noskana-160g-2\/"},"modified":"2025-05-22T03:17:56","modified_gmt":"2025-05-22T00:17:56","slug":"deserts-noskana-160g","status":"publish","type":"product","link":"https:\/\/rezekne.citro.lv\/ru\/product\/deserts-noskana-160g\/","title":{"rendered":"DESERTS NOSKA\u0145A 160G"},"content":{"rendered":"<p>Izcelsmes valsts: Latvija<br \/>Sast\u0101vda\u013cas:\u016bdens;galaretka  apels\u012bnu((cukurs, \u017eelat\u012bn, sk\u0101buma regul\u0113t\u0101js: E330; aromatiz\u0113t\u0101js, kr\u0101sviela: E120,E100.Var satur\u0113t lipek\u013ca saturo\u0161u, olu, sojas pupu, piena, sezama produktu da\u013ci\u0146as)): mandar\u012bnI  s\u012brup\u0101 (mandar\u012bnu daivi\u0146as,  \u016bdens, cukurs): konditorejas kr\u0113ms ar cukuru ((\u016bdens, piln\u012bgi hidrogen\u0113ta palmu kodolu e\u013c\u013ca25%, cukurs 12%, PIENA olbaltumvielas, emulgatori E472b, E322(SOJA), E 472e; stabiliz\u0113t\u0101ji: E460, E466, E340;aromatiz\u0113t\u0101js, kr\u0101sviela E160a)): sk\u0101bais izstr\u0101d\u0101jums20%((V\u0100JPIENS, piena tauku aizvietot\u0101js 18%(augu e\u013c\u013cas(palmu, rap\u0161u), emulgatorsE 471, aromatiz\u0113t\u0101js, kr\u0101sviela-annato), SALDAIS KR\u0112JUMS, SAUSAIS  V\u0100JPIENS, modific\u0113t\u0101 kukur\u016bzas ciete, ieraugs)): putukr\u0113juma stabilizators((cukurs, dekstroze,  \u017eelat\u012bns(c\u016bku),laktoze(PIENS),  iebiezin\u0101t\u0101js E412)): p\u016bdercukurs(cukurs):citronsk\u0101be E330.Uzglab\u0101\u0161anas temperat\u016bra+2-+6C  Inform\u0101cija par uzturv\u0113rt\u012bbu:100 g produkta satur: ener\u0123\u0113tisk\u0101 v\u0113rt\u012bba 357 kJ \/ 85kcal; tauki 2.3g, tostarp pies\u0101tin\u0101t\u0101s tauksk\u0101bes 1.9g; og\u013chidr\u0101ti 14.2g, tostarp cukuri 14g; \u0161\u0137iedrvielas 0g; olbaltumvielas 1.8g; s\u0101ls 0g.<\/p>\n","protected":false},"excerpt":{"rendered":"<p>6.81 \u20ac\/KG<\/p>\n","protected":false},"featured_media":58662,"template":"","meta":{"_acf_changed":false,"inline_featured_image":false},"product_cat":[113,221],"product_tag":[],"acf":[],"aioseo_notices":[],"_links":{"self":[{"href":"https:\/\/rezekne.citro.lv\/ru\/wp-json\/wp\/v2\/product\/48599"}],"collection":[{"href":"https:\/\/rezekne.citro.lv\/ru\/wp-json\/wp\/v2\/product"}],"about":[{"href":"https:\/\/rezekne.citro.lv\/ru\/wp-json\/wp\/v2\/types\/product"}],"wp:featuredmedia":[{"embeddable":true,"href":"https:\/\/rezekne.citro.lv\/ru\/wp-json\/wp\/v2\/media\/58662"}],"wp:attachment":[{"href":"https:\/\/rezekne.citro.lv\/ru\/wp-json\/wp\/v2\/media?parent=48599"}],"wp:term":[{"taxonomy":"product_cat","embeddable":true,"href":"https:\/\/rezekne.citro.lv\/ru\/wp-json\/wp\/v2\/product_cat?post=48599"},{"taxonomy":"product_tag","embeddable":true,"href":"https:\/\/rezekne.citro.lv\/ru\/wp-json\/wp\/v2\/product_tag?post=48599"}],"curies":[{"name":"wp","href":"https:\/\/api.w.org\/{rel}","templated":true}]}}