{"id":48672,"date":"2026-03-12T00:06:21","date_gmt":"2026-03-11T22:06:21","guid":{"rendered":"https:\/\/rezekne.citro.lv\/veikals\/lekon-ponciks-ar-galu-95g\/"},"modified":"2026-04-29T09:00:14","modified_gmt":"2026-04-29T06:00:14","slug":"ponciks-ar-galu-citro-95g","status":"publish","type":"product","link":"https:\/\/rezekne.citro.lv\/ru\/product\/ponciks-ar-galu-citro-95g\/","title":{"rendered":"PON\u010cIKS AR GA\u013bU CITRO 95G"},"content":{"rendered":"<p>Izcelsmes valsts: Latvija<br \/> Sast\u0101vda\u013cas: m\u012bkla((KVIE\u0160U MILTI, \u016bdens,saulespu\u0137u e\u013c\u013ca rafin\u0113ta;  cukurs, s\u0101ls,  raugs sausais((raugs Saccharomyces cerevisiae (> 98,5%), emulgators: E491)); pild\u012bjums 24%{c\u016bkga\u013cas malt\u0101 ga\u013ca 74% , s\u012bpoli, r\u012bvmaize balta (KVIE\u0160U MILTI, dzeramais \u016bdens, s\u0101ls, raugs): s\u0101ls, saulespu\u0137u e\u013c\u013ca rafin\u0113ta;  gar\u0161vielas}, saulespu\u0137u e\u013c\u013ca rafin\u0113ta; Uzglab\u0101\u0161anas temperat\u016bra,+20-+25C  Inform\u0101cija par uzturv\u0113rt\u012bbu.100 g produkta satur: ener\u0123\u0113tisk\u0101 v\u0113rt\u012bba 1244 kJ \/ 297kcal; tauki 15.6g, tostarp pies\u0101tin\u0101t\u0101s tauksk\u0101bes 2.4g; og\u013chidr\u0101ti 30.8g, tostarp cukuri 2.2g; \u0161\u0137iedrvielas 1.9g; olbaltumvielas 7.5g; s\u0101ls 0.8g.<\/p>\n","protected":false},"excerpt":{"rendered":"<p>7.26 \u20ac\/KG<\/p>\n","protected":false},"featured_media":56563,"template":"","meta":{"_acf_changed":false,"inline_featured_image":false},"product_cat":[109,110],"product_tag":[],"acf":[],"aioseo_notices":[],"_links":{"self":[{"href":"https:\/\/rezekne.citro.lv\/ru\/wp-json\/wp\/v2\/product\/48672"}],"collection":[{"href":"https:\/\/rezekne.citro.lv\/ru\/wp-json\/wp\/v2\/product"}],"about":[{"href":"https:\/\/rezekne.citro.lv\/ru\/wp-json\/wp\/v2\/types\/product"}],"wp:featuredmedia":[{"embeddable":true,"href":"https:\/\/rezekne.citro.lv\/ru\/wp-json\/wp\/v2\/media\/56563"}],"wp:attachment":[{"href":"https:\/\/rezekne.citro.lv\/ru\/wp-json\/wp\/v2\/media?parent=48672"}],"wp:term":[{"taxonomy":"product_cat","embeddable":true,"href":"https:\/\/rezekne.citro.lv\/ru\/wp-json\/wp\/v2\/product_cat?post=48672"},{"taxonomy":"product_tag","embeddable":true,"href":"https:\/\/rezekne.citro.lv\/ru\/wp-json\/wp\/v2\/product_tag?post=48672"}],"curies":[{"name":"wp","href":"https:\/\/api.w.org\/{rel}","templated":true}]}}