{"id":48697,"date":"2026-04-01T00:03:23","date_gmt":"2026-03-31T21:03:23","guid":{"rendered":"https:\/\/rezekne.citro.lv\/veikals\/pupinas-sarkanas-barbekju-merce-bonduelle-430g\/"},"modified":"2026-04-01T00:03:33","modified_gmt":"2026-03-31T21:03:33","slug":"pupinas-sarkanas-barbekju-merce-bonduelle-430g","status":"publish","type":"product","link":"https:\/\/rezekne.citro.lv\/ru\/product\/pupinas-sarkanas-barbekju-merce-bonduelle-430g\/","title":{"rendered":"PUPI\u0145AS SARKAN\u0100S BARBEKJ\u016a M\u0112RC\u0112 BONDUELLE 430G"},"content":{"rendered":"<p>Izcelsmes valsts: Ung\u0101rija<\/p>\n","protected":false},"excerpt":{"rendered":"<p>6.26 \u20ac\/KG<\/p>\n","protected":false},"featured_media":49373,"template":"","meta":{"_acf_changed":false,"inline_featured_image":false},"product_cat":[103,137],"product_tag":[],"acf":[],"aioseo_notices":[],"_links":{"self":[{"href":"https:\/\/rezekne.citro.lv\/ru\/wp-json\/wp\/v2\/product\/48697"}],"collection":[{"href":"https:\/\/rezekne.citro.lv\/ru\/wp-json\/wp\/v2\/product"}],"about":[{"href":"https:\/\/rezekne.citro.lv\/ru\/wp-json\/wp\/v2\/types\/product"}],"wp:featuredmedia":[{"embeddable":true,"href":"https:\/\/rezekne.citro.lv\/ru\/wp-json\/wp\/v2\/media\/49373"}],"wp:attachment":[{"href":"https:\/\/rezekne.citro.lv\/ru\/wp-json\/wp\/v2\/media?parent=48697"}],"wp:term":[{"taxonomy":"product_cat","embeddable":true,"href":"https:\/\/rezekne.citro.lv\/ru\/wp-json\/wp\/v2\/product_cat?post=48697"},{"taxonomy":"product_tag","embeddable":true,"href":"https:\/\/rezekne.citro.lv\/ru\/wp-json\/wp\/v2\/product_tag?post=48697"}],"curies":[{"name":"wp","href":"https:\/\/api.w.org\/{rel}","templated":true}]}}