{"id":48702,"date":"2024-08-27T11:16:21","date_gmt":"2024-08-27T08:16:21","guid":{"rendered":"https:\/\/rezekne.citro.lv\/veikals\/calu-stilbi-bez-locitavas-atdz-fas-500g-kekava\/"},"modified":"2026-02-27T06:27:19","modified_gmt":"2026-02-27T04:27:19","slug":"calu-stilbi-bez-locitavas-atdz-fas-500g-kekava","status":"publish","type":"product","link":"https:\/\/rezekne.citro.lv\/ru\/product\/calu-stilbi-bez-locitavas-atdz-fas-500g-kekava\/","title":{"rendered":"C\u0100\u013bU STILBI BEZ LOC\u012aTAVAS ATDZ. FAS.500G \u0136EKAVA"},"content":{"rendered":"<p>Izcelsmes valsts: Latvija<\/p>\n","protected":false},"excerpt":{"rendered":"<p>4.98 \u20ac\/KG<\/p>\n","protected":false},"featured_media":48795,"template":"","meta":{"_acf_changed":false,"inline_featured_image":false},"product_cat":[135,190],"product_tag":[],"acf":[],"aioseo_notices":[],"_links":{"self":[{"href":"https:\/\/rezekne.citro.lv\/ru\/wp-json\/wp\/v2\/product\/48702"}],"collection":[{"href":"https:\/\/rezekne.citro.lv\/ru\/wp-json\/wp\/v2\/product"}],"about":[{"href":"https:\/\/rezekne.citro.lv\/ru\/wp-json\/wp\/v2\/types\/product"}],"wp:featuredmedia":[{"embeddable":true,"href":"https:\/\/rezekne.citro.lv\/ru\/wp-json\/wp\/v2\/media\/48795"}],"wp:attachment":[{"href":"https:\/\/rezekne.citro.lv\/ru\/wp-json\/wp\/v2\/media?parent=48702"}],"wp:term":[{"taxonomy":"product_cat","embeddable":true,"href":"https:\/\/rezekne.citro.lv\/ru\/wp-json\/wp\/v2\/product_cat?post=48702"},{"taxonomy":"product_tag","embeddable":true,"href":"https:\/\/rezekne.citro.lv\/ru\/wp-json\/wp\/v2\/product_tag?post=48702"}],"curies":[{"name":"wp","href":"https:\/\/api.w.org\/{rel}","templated":true}]}}