{"id":48703,"date":"2026-02-26T00:48:34","date_gmt":"2026-02-25T22:48:34","guid":{"rendered":"https:\/\/rezekne.citro.lv\/veikals\/vistu-pussparnini-250g-gpu-nakotne\/"},"modified":"2026-04-05T06:27:06","modified_gmt":"2026-04-05T03:27:06","slug":"vistu-pussparnini-250g-gpu-nakotne","status":"publish","type":"product","link":"https:\/\/rezekne.citro.lv\/ru\/product\/vistu-pussparnini-250g-gpu-nakotne\/","title":{"rendered":"VISTU PUSSP\u0100RNI\u0145I 250G GPU N\u0100KOTNE"},"content":{"rendered":"<p>Izcelsmes valsts: Latvija<\/p>\n","protected":false},"excerpt":{"rendered":"<p>13.16 \u20ac\/KG<\/p>\n","protected":false},"featured_media":48796,"template":"","meta":{"_acf_changed":false,"inline_featured_image":false},"product_cat":[135,174],"product_tag":[],"acf":[],"aioseo_notices":[],"_links":{"self":[{"href":"https:\/\/rezekne.citro.lv\/ru\/wp-json\/wp\/v2\/product\/48703"}],"collection":[{"href":"https:\/\/rezekne.citro.lv\/ru\/wp-json\/wp\/v2\/product"}],"about":[{"href":"https:\/\/rezekne.citro.lv\/ru\/wp-json\/wp\/v2\/types\/product"}],"wp:featuredmedia":[{"embeddable":true,"href":"https:\/\/rezekne.citro.lv\/ru\/wp-json\/wp\/v2\/media\/48796"}],"wp:attachment":[{"href":"https:\/\/rezekne.citro.lv\/ru\/wp-json\/wp\/v2\/media?parent=48703"}],"wp:term":[{"taxonomy":"product_cat","embeddable":true,"href":"https:\/\/rezekne.citro.lv\/ru\/wp-json\/wp\/v2\/product_cat?post=48703"},{"taxonomy":"product_tag","embeddable":true,"href":"https:\/\/rezekne.citro.lv\/ru\/wp-json\/wp\/v2\/product_tag?post=48703"}],"curies":[{"name":"wp","href":"https:\/\/api.w.org\/{rel}","templated":true}]}}